{"id":32766,"date":"2019-02-07T17:00:18","date_gmt":"2019-02-07T17:00:18","guid":{"rendered":"https:\/\/www.sandsofsilence.org\/product\/sands-of-silence-dvd-educativo-bilingue\/"},"modified":"2022-01-10T00:02:54","modified_gmt":"2022-01-10T00:02:54","slug":"sands-of-silence-dvd-educativo-bilingue","status":"publish","type":"product","link":"https:\/\/www.sandsofsilence.org\/es\/producto\/sands-of-silence-dvd-educativo-bilingue\/","title":{"rendered":"Sands of Silence ~ DVD Educativo Biling\u00fce"},"content":{"rendered":"<h3>Sands of Silence Pel\u00edcula Documental sobre Violencia Sexual y Trata<\/h3>\n<p>Tras dedicar m\u00e1s de 15 a\u00f1os a exponer el submundo de la explotaci\u00f3n sexual y la trata en Asia y las Am\u00e9ricas, la periodista Chelo Alvarez-Stehle se ve en la necesidad de volver a la playa de Zarautz que dio fin a su infancia con el fin de desvelar secretos de familia. Durante su trabajo con supervivientes de tr\u00e1fico sexual, Chelo conoce a Virginia Isa\u00edas, una mujer mexicana residente en California que hab\u00eda sido secuestrada y forzada a prostituirse por una red de trata y prostituci\u00f3n en Chiapas, decide ahondar en su inquebrantable pasi\u00f3n por denunciar este tipo de historias. De ah\u00ed nace un viaje paralelo de introspecci\u00f3n que quiebra el silencio sobre el abuso sexual en su familia y en su vida.<\/p>\n<p><a href=\"mailto:info@sandsofsilence.org\">Las universidades, ONGs y otras instituciones pueden pedir un link de previsualizaci\u00f3n<\/a> por $20 que se descontar\u00e1n de la compra final.<\/p>\n<h3>Contenido del juego del DVD:<\/h3>\n<p><strong>Disco DVD \u00a0\u00a0<\/strong><\/p>\n<ul>\n<li><strong>DATOS T\u00c9CNICOS<\/strong>\n<ul>\n<li>Idiomas de la pel\u00edcula: Ingl\u00e9s, espa\u00f1ol, nepal\u00e9s<\/li>\n<li>TODAS las Regiones &#8211; para reproductores de DVD en sistema NTSC o reproductores de DVD abiertos a todas las regiones<\/li>\n<\/ul>\n<\/li>\n<li><strong>VERSIONES ORIGINALES:<\/strong>\n<ul>\n<li><strong>86-min Versi\u00f3n en INGL\u00c9S<\/strong>\u00a0(narraci\u00f3n en ingl\u00e9s) con subt\u00edtulos en ingl\u00e9s \u00a0&#8211; \u00a0 con\u00a0<strong>Subt\u00edtulos en ingl\u00e9s para personas sordas<\/strong><\/li>\n<li><strong>86-min Versi\u00f3n en ESPA\u00d1OL<\/strong>\u00a0(narraci\u00f3n en espa\u00f1ol) con subt\u00edtulos en espa\u00f1ol<\/li>\n<li><strong>52-min Versi\u00f3n en INGL\u00c9S<\/strong>\u00a0(narraci\u00f3n en ingl\u00e9s) con subt\u00edtulos en ingl\u00e9s<\/li>\n<\/ul>\n<\/li>\n<li><strong>ESCENAS SELECTAS\u00a0<\/strong>(versi\u00f3n inglesa con opci\u00f3n de subt\u00edtulos en espa\u00f1ol)\n<ul>\n<li><strong>Ocho escenas de 3 minutos<\/strong>\u00a0sobre estos temas: trata, negaci\u00f3n del abuso, poniendo en evidencia la negaci\u00f3n, silencio intrafamiliar, abuso del clero, hija de una violaci\u00f3n, el perd\u00f3n<\/li>\n<\/ul>\n<\/li>\n<\/ul>\n<p><strong>DISCUSSION &amp; RESOURCE Guide (en ingl\u00e9s)<\/strong><\/p>\n<ul>\n<li>Color PDF (Free Download with Educational DVD purchase)<\/li>\n<li>B&amp;W PDF for easy printing \u00a0(Free Download with Educational DVD purchase)<a href=\"https:\/\/www.sandsofsilence.org\/?post_type=product&#038;p=32603\"><img loading=\"lazy\" decoding=\"async\" class=\"aligncenter wp-image-32605\" src=\"https:\/\/www.sandsofsilence.org\/wp-content\/uploads\/2019\/02\/Screenshot-2019-02-04-22.54.28-889x1024.png\" alt=\"Sands of Silence Educational Discussion Guide\" width=\"256\" height=\"295\" srcset=\"https:\/\/www.sandsofsilence.org\/wp-content\/uploads\/2019\/02\/Screenshot-2019-02-04-22.54.28-889x1024.png 889w, https:\/\/www.sandsofsilence.org\/wp-content\/uploads\/2019\/02\/Screenshot-2019-02-04-22.54.28-260x300.png 260w, https:\/\/www.sandsofsilence.org\/wp-content\/uploads\/2019\/02\/Screenshot-2019-02-04-22.54.28-768x885.png 768w, https:\/\/www.sandsofsilence.org\/wp-content\/uploads\/2019\/02\/Screenshot-2019-02-04-22.54.28-600x691.png 600w, https:\/\/www.sandsofsilence.org\/wp-content\/uploads\/2019\/02\/Screenshot-2019-02-04-22.54.28.png 1408w\" sizes=\"auto, (max-width: 256px) 100vw, 256px\" \/><\/a><\/li>\n<\/ul>\n<p><strong>PUBLIC PERFORMANCE LICENSE<\/strong>\u00a0 (in English)<\/p>\n<p>It allows you to:<\/p>\n<ul>\n<li>Include the film in your library<\/li>\n<li>If you are an educational institution, make the film available to students, staff and faculty members for the purposes of research, education and any other non-commercial use<\/li>\n<li>If you are a non-profit, screen the film to your clients and stakeholders for the purposes of creating awareness and as a healing\/empowerment tool, within the frame of your non-commercial activities.<\/li>\n<li>Hold a private, non-theatrical screening.<\/li>\n<li>NOTE: This license does NOT allow you to charge admission, or to sublicense, digitize or duplicate the film in any way.<\/li>\n<li>To get permission for any other type of usage, including using it as a fundraiser tool, please email us <a href=\"mailto:info@sandsofsilence.org\">here.<\/a><\/li>\n<\/ul>\n<p>If you need posters or postcards, please contact us <a href=\"mailto:info@sandsofsilence.org\">here.<\/a><\/p>\n<p>Your order will be shipped by UPS and you will receive an email alerting you. Please allow 5-7 business days to receive your order in the U.S. and Canada.<\/p>\n","protected":false},"excerpt":{"rendered":"<p>El precio incluye gastos de env\u00edo en U.S. y Canad\u00e1. Para pedidos de otros pa\u00edses por favor <a href=\"mailto:info@sandsofsilence.org\">enviadnos un correo.<\/a><\/p>\n","protected":false},"featured_media":32210,"template":"","meta":[],"product_brand":[],"product_cat":[135,189],"product_tag":[182,181,186,187,134,194,190,185,184,195,183],"class_list":{"0":"post-32766","1":"product","2":"type-product","3":"status-publish","4":"has-post-thumbnail","6":"product_cat-dvd","7":"product_cat-tienda","8":"product_tag-abuso-del-clero","9":"product_tag-abuso-sexual","10":"product_tag-documentales-sobre-la-trata","11":"product_tag-documentales-sobre-el-trafico-humano","12":"product_tag-dvd-es","13":"product_tag-educativo","14":"product_tag-ong","15":"product_tag-peliculas-sobre-la-trata","16":"product_tag-peliculas-sobre-el-trafico-humano","17":"product_tag-trata","18":"product_tag-violencia-sexual","20":"first","21":"instock","22":"sale","23":"shipping-taxable","24":"purchasable","25":"product-type-variable"},"yoast_head":"<!-- This site is optimized with the Yoast SEO plugin v25.7 - https:\/\/yoast.com\/wordpress\/plugins\/seo\/ -->\n<title>Sands of Silence ~ DVD Educativo Biling\u00fce - Sands of Silence<\/title>\n<meta name=\"description\" content=\"DVD Educativo \/ ONG - trata - violencia sexual\" \/>\n<meta name=\"robots\" content=\"index, follow, max-snippet:-1, max-image-preview:large, max-video-preview:-1\" \/>\n<link rel=\"canonical\" href=\"https:\/\/www.sandsofsilence.org\/es\/producto\/sands-of-silence-dvd-educativo-bilingue\/\" \/>\n<meta property=\"og:locale\" content=\"es_ES\" \/>\n<meta property=\"og:type\" content=\"article\" \/>\n<meta property=\"og:title\" content=\"Sands of Silence ~ DVD Educativo Biling\u00fce - Sands of Silence\" \/>\n<meta property=\"og:description\" content=\"DVD Educativo \/ ONG - trata - violencia sexual\" \/>\n<meta property=\"og:url\" content=\"https:\/\/www.sandsofsilence.org\/es\/producto\/sands-of-silence-dvd-educativo-bilingue\/\" \/>\n<meta property=\"og:site_name\" content=\"Sands of Silence\" \/>\n<meta property=\"article:publisher\" content=\"https:\/\/www.facebook.com\/sandsofsilence\/\" \/>\n<meta property=\"article:modified_time\" content=\"2022-01-10T00:02:54+00:00\" \/>\n<meta property=\"og:image\" content=\"https:\/\/www.sandsofsilence.org\/wp-content\/uploads\/2019\/01\/Sands-of-Silence-01-fw_RGB_v2-1024x698.jpg\" \/>\n\t<meta property=\"og:image:width\" content=\"1024\" \/>\n\t<meta property=\"og:image:height\" content=\"698\" \/>\n\t<meta property=\"og:image:type\" content=\"image\/jpeg\" \/>\n<meta name=\"twitter:card\" content=\"summary_large_image\" \/>\n<meta name=\"twitter:site\" content=\"@sandsofsilence\" \/>\n<meta name=\"twitter:label1\" content=\"Tiempo de lectura\" \/>\n\t<meta name=\"twitter:data1\" content=\"3 minutos\" \/>\n<script type=\"application\/ld+json\" class=\"yoast-schema-graph\">{\"@context\":\"https:\/\/schema.org\",\"@graph\":[{\"@type\":\"WebPage\",\"@id\":\"https:\/\/www.sandsofsilence.org\/es\/producto\/sands-of-silence-dvd-educativo-bilingue\/\",\"url\":\"https:\/\/www.sandsofsilence.org\/es\/producto\/sands-of-silence-dvd-educativo-bilingue\/\",\"name\":\"Sands of Silence ~ DVD Educativo Biling\u00fce - Sands of Silence\",\"isPartOf\":{\"@id\":\"https:\/\/www.sandsofsilence.org\/#website\"},\"primaryImageOfPage\":{\"@id\":\"https:\/\/www.sandsofsilence.org\/es\/producto\/sands-of-silence-dvd-educativo-bilingue\/#primaryimage\"},\"image\":{\"@id\":\"https:\/\/www.sandsofsilence.org\/es\/producto\/sands-of-silence-dvd-educativo-bilingue\/#primaryimage\"},\"thumbnailUrl\":\"https:\/\/www.sandsofsilence.org\/wp-content\/uploads\/2019\/01\/Sands-of-Silence-01-fw_RGB_v2.jpg\",\"datePublished\":\"2019-02-07T17:00:18+00:00\",\"dateModified\":\"2022-01-10T00:02:54+00:00\",\"description\":\"DVD Educativo \/ ONG - trata - violencia sexual\",\"breadcrumb\":{\"@id\":\"https:\/\/www.sandsofsilence.org\/es\/producto\/sands-of-silence-dvd-educativo-bilingue\/#breadcrumb\"},\"inLanguage\":\"es\",\"potentialAction\":[{\"@type\":\"ReadAction\",\"target\":[\"https:\/\/www.sandsofsilence.org\/es\/producto\/sands-of-silence-dvd-educativo-bilingue\/\"]}]},{\"@type\":\"ImageObject\",\"inLanguage\":\"es\",\"@id\":\"https:\/\/www.sandsofsilence.org\/es\/producto\/sands-of-silence-dvd-educativo-bilingue\/#primaryimage\",\"url\":\"https:\/\/www.sandsofsilence.org\/wp-content\/uploads\/2019\/01\/Sands-of-Silence-01-fw_RGB_v2.jpg\",\"contentUrl\":\"https:\/\/www.sandsofsilence.org\/wp-content\/uploads\/2019\/01\/Sands-of-Silence-01-fw_RGB_v2.jpg\",\"width\":3300,\"height\":2250,\"caption\":\"Sands of Silence Educational DVD\"},{\"@type\":\"BreadcrumbList\",\"@id\":\"https:\/\/www.sandsofsilence.org\/es\/producto\/sands-of-silence-dvd-educativo-bilingue\/#breadcrumb\",\"itemListElement\":[{\"@type\":\"ListItem\",\"position\":1,\"name\":\"Home\",\"item\":\"https:\/\/www.sandsofsilence.org\/es\/\"},{\"@type\":\"ListItem\",\"position\":2,\"name\":\"Sands of Silence ~ DVD Educativo Biling\u00fce\"}]},{\"@type\":\"WebSite\",\"@id\":\"https:\/\/www.sandsofsilence.org\/#website\",\"url\":\"https:\/\/www.sandsofsilence.org\/\",\"name\":\"Sands of Silence\",\"description\":\"SANDS OF SILENCE: Waves of Courage | This film inspires you to speak out about sexual violence\",\"publisher\":{\"@id\":\"https:\/\/www.sandsofsilence.org\/#organization\"},\"potentialAction\":[{\"@type\":\"SearchAction\",\"target\":{\"@type\":\"EntryPoint\",\"urlTemplate\":\"https:\/\/www.sandsofsilence.org\/?s={search_term_string}\"},\"query-input\":{\"@type\":\"PropertyValueSpecification\",\"valueRequired\":true,\"valueName\":\"search_term_string\"}}],\"inLanguage\":\"es\"},{\"@type\":\"Organization\",\"@id\":\"https:\/\/www.sandsofsilence.org\/#organization\",\"name\":\"Sands of Silence\",\"url\":\"https:\/\/www.sandsofsilence.org\/\",\"logo\":{\"@type\":\"ImageObject\",\"inLanguage\":\"es\",\"@id\":\"https:\/\/www.sandsofsilence.org\/#\/schema\/logo\/image\/\",\"url\":\"https:\/\/www.sandsofsilence.org\/wp-content\/uploads\/2017\/10\/Logo.png\",\"contentUrl\":\"https:\/\/www.sandsofsilence.org\/wp-content\/uploads\/2017\/10\/Logo.png\",\"width\":194,\"height\":69,\"caption\":\"Sands of Silence\"},\"image\":{\"@id\":\"https:\/\/www.sandsofsilence.org\/#\/schema\/logo\/image\/\"},\"sameAs\":[\"https:\/\/www.facebook.com\/sandsofsilence\/\",\"https:\/\/x.com\/sandsofsilence\"]}]}<\/script>\n<!-- \/ Yoast SEO plugin. -->","yoast_head_json":{"title":"Sands of Silence ~ DVD Educativo Biling\u00fce - Sands of Silence","description":"DVD Educativo \/ ONG - trata - violencia sexual","robots":{"index":"index","follow":"follow","max-snippet":"max-snippet:-1","max-image-preview":"max-image-preview:large","max-video-preview":"max-video-preview:-1"},"canonical":"https:\/\/www.sandsofsilence.org\/es\/producto\/sands-of-silence-dvd-educativo-bilingue\/","og_locale":"es_ES","og_type":"article","og_title":"Sands of Silence ~ DVD Educativo Biling\u00fce - Sands of Silence","og_description":"DVD Educativo \/ ONG - trata - violencia sexual","og_url":"https:\/\/www.sandsofsilence.org\/es\/producto\/sands-of-silence-dvd-educativo-bilingue\/","og_site_name":"Sands of Silence","article_publisher":"https:\/\/www.facebook.com\/sandsofsilence\/","article_modified_time":"2022-01-10T00:02:54+00:00","og_image":[{"width":1024,"height":698,"url":"https:\/\/www.sandsofsilence.org\/wp-content\/uploads\/2019\/01\/Sands-of-Silence-01-fw_RGB_v2-1024x698.jpg","type":"image\/jpeg"}],"twitter_card":"summary_large_image","twitter_site":"@sandsofsilence","twitter_misc":{"Tiempo de lectura":"3 minutos"},"schema":{"@context":"https:\/\/schema.org","@graph":[{"@type":"WebPage","@id":"https:\/\/www.sandsofsilence.org\/es\/producto\/sands-of-silence-dvd-educativo-bilingue\/","url":"https:\/\/www.sandsofsilence.org\/es\/producto\/sands-of-silence-dvd-educativo-bilingue\/","name":"Sands of Silence ~ DVD Educativo Biling\u00fce - Sands of Silence","isPartOf":{"@id":"https:\/\/www.sandsofsilence.org\/#website"},"primaryImageOfPage":{"@id":"https:\/\/www.sandsofsilence.org\/es\/producto\/sands-of-silence-dvd-educativo-bilingue\/#primaryimage"},"image":{"@id":"https:\/\/www.sandsofsilence.org\/es\/producto\/sands-of-silence-dvd-educativo-bilingue\/#primaryimage"},"thumbnailUrl":"https:\/\/www.sandsofsilence.org\/wp-content\/uploads\/2019\/01\/Sands-of-Silence-01-fw_RGB_v2.jpg","datePublished":"2019-02-07T17:00:18+00:00","dateModified":"2022-01-10T00:02:54+00:00","description":"DVD Educativo \/ ONG - trata - violencia sexual","breadcrumb":{"@id":"https:\/\/www.sandsofsilence.org\/es\/producto\/sands-of-silence-dvd-educativo-bilingue\/#breadcrumb"},"inLanguage":"es","potentialAction":[{"@type":"ReadAction","target":["https:\/\/www.sandsofsilence.org\/es\/producto\/sands-of-silence-dvd-educativo-bilingue\/"]}]},{"@type":"ImageObject","inLanguage":"es","@id":"https:\/\/www.sandsofsilence.org\/es\/producto\/sands-of-silence-dvd-educativo-bilingue\/#primaryimage","url":"https:\/\/www.sandsofsilence.org\/wp-content\/uploads\/2019\/01\/Sands-of-Silence-01-fw_RGB_v2.jpg","contentUrl":"https:\/\/www.sandsofsilence.org\/wp-content\/uploads\/2019\/01\/Sands-of-Silence-01-fw_RGB_v2.jpg","width":3300,"height":2250,"caption":"Sands of Silence Educational DVD"},{"@type":"BreadcrumbList","@id":"https:\/\/www.sandsofsilence.org\/es\/producto\/sands-of-silence-dvd-educativo-bilingue\/#breadcrumb","itemListElement":[{"@type":"ListItem","position":1,"name":"Home","item":"https:\/\/www.sandsofsilence.org\/es\/"},{"@type":"ListItem","position":2,"name":"Sands of Silence ~ DVD Educativo Biling\u00fce"}]},{"@type":"WebSite","@id":"https:\/\/www.sandsofsilence.org\/#website","url":"https:\/\/www.sandsofsilence.org\/","name":"Sands of Silence","description":"SANDS OF SILENCE: Waves of Courage | This film inspires you to speak out about sexual violence","publisher":{"@id":"https:\/\/www.sandsofsilence.org\/#organization"},"potentialAction":[{"@type":"SearchAction","target":{"@type":"EntryPoint","urlTemplate":"https:\/\/www.sandsofsilence.org\/?s={search_term_string}"},"query-input":{"@type":"PropertyValueSpecification","valueRequired":true,"valueName":"search_term_string"}}],"inLanguage":"es"},{"@type":"Organization","@id":"https:\/\/www.sandsofsilence.org\/#organization","name":"Sands of Silence","url":"https:\/\/www.sandsofsilence.org\/","logo":{"@type":"ImageObject","inLanguage":"es","@id":"https:\/\/www.sandsofsilence.org\/#\/schema\/logo\/image\/","url":"https:\/\/www.sandsofsilence.org\/wp-content\/uploads\/2017\/10\/Logo.png","contentUrl":"https:\/\/www.sandsofsilence.org\/wp-content\/uploads\/2017\/10\/Logo.png","width":194,"height":69,"caption":"Sands of Silence"},"image":{"@id":"https:\/\/www.sandsofsilence.org\/#\/schema\/logo\/image\/"},"sameAs":["https:\/\/www.facebook.com\/sandsofsilence\/","https:\/\/x.com\/sandsofsilence"]}]}},"_links":{"self":[{"href":"https:\/\/www.sandsofsilence.org\/es\/wp-json\/wp\/v2\/product\/32766","targetHints":{"allow":["GET"]}}],"collection":[{"href":"https:\/\/www.sandsofsilence.org\/es\/wp-json\/wp\/v2\/product"}],"about":[{"href":"https:\/\/www.sandsofsilence.org\/es\/wp-json\/wp\/v2\/types\/product"}],"wp:featuredmedia":[{"embeddable":true,"href":"https:\/\/www.sandsofsilence.org\/es\/wp-json\/wp\/v2\/media\/32210"}],"wp:attachment":[{"href":"https:\/\/www.sandsofsilence.org\/es\/wp-json\/wp\/v2\/media?parent=32766"}],"wp:term":[{"taxonomy":"product_brand","embeddable":true,"href":"https:\/\/www.sandsofsilence.org\/es\/wp-json\/wp\/v2\/product_brand?post=32766"},{"taxonomy":"product_cat","embeddable":true,"href":"https:\/\/www.sandsofsilence.org\/es\/wp-json\/wp\/v2\/product_cat?post=32766"},{"taxonomy":"product_tag","embeddable":true,"href":"https:\/\/www.sandsofsilence.org\/es\/wp-json\/wp\/v2\/product_tag?post=32766"}],"curies":[{"name":"wp","href":"https:\/\/api.w.org\/{rel}","templated":true}]}}