{"id":32159,"date":"2018-07-27T20:51:13","date_gmt":"2018-07-27T20:51:13","guid":{"rendered":"https:\/\/www.sandsofsilence.org\/product\/32159\/"},"modified":"2021-03-30T11:41:44","modified_gmt":"2021-03-30T11:41:44","slug":"32159","status":"publish","type":"product","link":"https:\/\/www.sandsofsilence.org\/es\/producto\/32159\/","title":{"rendered":"DVD Arenas de Silencio &#8211; Sands of Silence"},"content":{"rendered":"<h2>PIDE POR ADELANTADO tu DVD pluriling\u00fce de Arenas de Silencio:<\/h2>\n<h3>Arenas de Silencio Pel\u00edcula Documental sobre la violencia y el tr\u00e1fico sexual<\/h3>\n<p>Tras dedicar m\u00e1s de 15 a\u00f1os a exponer el submundo de la explotaci\u00f3n sexual y la trata en Asia y las Am\u00e9ricas, la periodista Chelo Alvarez-Stehle se ve en la necesidad de volver a la playa de Zarautz que dio fin a su infancia con el fin de desvelar secretos de familia. Durante su trabajo con supervivientes de tr\u00e1fico sexual, Chelo conoce a Virginia Isa\u00edas, una mujer mexicana residente en California que hab\u00eda sido secuestrada y forzada a prostituirse por una red de trata y prostituci\u00f3n en Chiapas. Cuando Virginia consigue liberarse de sus captores, el espectador se siente fascinado por su edificante evoluci\u00f3n en una l\u00edder ejemplar contra la esclavitud de nuestros d\u00edas. Inspirada por el valor de Virginia, Chelo decide ahondar en su inquebrantable pasi\u00f3n por denunciar este tipo de historias. De ah\u00ed nace un viaje paralelo de introspecci\u00f3n que quiebra el silencio sobre el abuso sexual en su familia y en su propia vida.<\/p>\n<p>&#8212;&#8212;-<\/p>\n<p>El precio incluye gastos de env\u00edo en los Estados Unidos.<\/p>\n<p>El 10% de los beneficios de la venta de los DVD se destinar\u00e1n a la Fundaci\u00f3n de Supervivientes de Tr\u00e1fico Humano (FSTH.org), \u00a0501(c)3, creada por la protagonista del documental Virginia Isaias.<\/p>\n<h3>Contenido del DVD:<\/h3>\n<h4>\u00a0 \u00a086 min. (EEUU, Espa\u00f1a)<\/h4>\n<h4>\u00a0 \u00a0Idiomas del di\u00e1logo: Ingl\u00e9s, castellano (espa\u00f1ol y mexicano), nepal\u00e9s<\/h4>\n<h4>\u00a0 \u00a0TODAS LAS REGIONES<\/h4>\n<h3>VERSIONES ORIGINALES:<\/h3>\n<ul>\n<li>INGL\u00c9S (narraci\u00f3n en ingl\u00e9s) con subt\u00edtulos en ingl\u00e9s \u00a0&#8211; \u00a0 Subtitulado oculto en ingl\u00e9s<\/li>\n<li>ESPA\u00d1OL (narraci\u00f3n en espa\u00f1ol) con subt\u00edtulos en espa\u00f1ol<\/li>\n<\/ul>\n<h3>VERSIONES SUBTITULADAS:<\/h3>\n<ul>\n<li>FRANC\u00c9S<\/li>\n<li>PORTUGU\u00c9S<\/li>\n<li>JAPON\u00c9S &#8211; \u65e5\u672c\u8a9e<\/li>\n<li>CHINO &#8211;\u00a0\u4e2d\u6587<\/li>\n<\/ul>\n<p>M\u00e1s idiomas pr\u00f3ximamente.<\/p>\n<h3>EXTRAS:<\/h3>\n<ul>\n<li>SELECCI\u00d3N DE ESCENAS<\/li>\n<\/ul>\n","protected":false},"excerpt":{"rendered":"<h3>Asegura tu Reserva del DVD para USO en el HOGAR<\/h3>\n<p>Precio incluye gastos de env\u00edo a EE.UU. y CANAD\u00c1. Para otros pa\u00edses por favor enviadnos un <a href=\"mailto:info@sandsofsilence.org\">email.<\/a><\/p>\n<p>10% de los beneficios de la venta del DVD para uso en el hogar se destinar\u00e1 a la Fundaci\u00f3n de Sobrevivientes de Tr\u00e1fico Humano creada por nuestra protagonista Virginia Isaias.<\/p>\n","protected":false},"featured_media":32149,"template":"","meta":[],"product_brand":[],"product_cat":[135,189],"product_tag":[182,188,181,186,187,134,185,184,183],"class_list":{"0":"post-32159","1":"product","2":"type-product","3":"status-publish","4":"has-post-thumbnail","6":"product_cat-dvd","7":"product_cat-tienda","8":"product_tag-abuso-del-clero","9":"product_tag-abuso-del-clero-es","10":"product_tag-abuso-sexual","11":"product_tag-documentales-sobre-la-trata","12":"product_tag-documentales-sobre-el-trafico-humano","13":"product_tag-dvd-es","14":"product_tag-peliculas-sobre-la-trata","15":"product_tag-peliculas-sobre-el-trafico-humano","16":"product_tag-violencia-sexual","18":"first","19":"instock","20":"shipping-taxable","21":"purchasable","22":"product-type-simple"},"yoast_head":"<!-- This site is optimized with the Yoast SEO plugin v25.7 - https:\/\/yoast.com\/wordpress\/plugins\/seo\/ -->\n<title>DVD Arenas de Silencio - Sands of Silence - Sands of Silence<\/title>\n<meta name=\"robots\" content=\"index, follow, max-snippet:-1, max-image-preview:large, max-video-preview:-1\" \/>\n<link rel=\"canonical\" href=\"https:\/\/www.sandsofsilence.org\/es\/producto\/32159\/\" \/>\n<meta property=\"og:locale\" content=\"es_ES\" \/>\n<meta property=\"og:type\" content=\"article\" \/>\n<meta property=\"og:title\" content=\"DVD Arenas de Silencio - Sands of Silence - Sands of Silence\" \/>\n<meta property=\"og:description\" content=\"Asegura tu Reserva del DVD para USO en el HOGAR Precio incluye gastos de env\u00edo a EE.UU. y CANAD\u00c1. Para otros pa\u00edses por favor enviadnos un email.  10% de los beneficios de la venta del DVD para uso en el hogar se destinar\u00e1 a la Fundaci\u00f3n de Sobrevivientes de Tr\u00e1fico Humano creada por nuestra protagonista Virginia Isaias.\" \/>\n<meta property=\"og:url\" content=\"https:\/\/www.sandsofsilence.org\/es\/producto\/32159\/\" \/>\n<meta property=\"og:site_name\" content=\"Sands of Silence\" \/>\n<meta property=\"article:publisher\" content=\"https:\/\/www.facebook.com\/sandsofsilence\/\" \/>\n<meta property=\"article:modified_time\" content=\"2021-03-30T11:41:44+00:00\" \/>\n<meta property=\"og:image\" content=\"https:\/\/www.sandsofsilence.org\/wp-content\/uploads\/2018\/07\/Sands-of-Silence-02-fw_RGB-1.jpg\" \/>\n\t<meta property=\"og:image:width\" content=\"3300\" \/>\n\t<meta property=\"og:image:height\" content=\"2250\" \/>\n\t<meta property=\"og:image:type\" content=\"image\/jpeg\" \/>\n<meta name=\"twitter:card\" content=\"summary_large_image\" \/>\n<meta name=\"twitter:site\" content=\"@sandsofsilence\" \/>\n<meta name=\"twitter:label1\" content=\"Tiempo de lectura\" \/>\n\t<meta name=\"twitter:data1\" content=\"2 minutos\" \/>\n<script type=\"application\/ld+json\" class=\"yoast-schema-graph\">{\"@context\":\"https:\/\/schema.org\",\"@graph\":[{\"@type\":\"WebPage\",\"@id\":\"https:\/\/www.sandsofsilence.org\/es\/producto\/32159\/\",\"url\":\"https:\/\/www.sandsofsilence.org\/es\/producto\/32159\/\",\"name\":\"DVD Arenas de Silencio - Sands of Silence - Sands of Silence\",\"isPartOf\":{\"@id\":\"https:\/\/www.sandsofsilence.org\/#website\"},\"primaryImageOfPage\":{\"@id\":\"https:\/\/www.sandsofsilence.org\/es\/producto\/32159\/#primaryimage\"},\"image\":{\"@id\":\"https:\/\/www.sandsofsilence.org\/es\/producto\/32159\/#primaryimage\"},\"thumbnailUrl\":\"https:\/\/www.sandsofsilence.org\/wp-content\/uploads\/2018\/07\/Sands-of-Silence-02-fw_RGB-1.jpg\",\"datePublished\":\"2018-07-27T20:51:13+00:00\",\"dateModified\":\"2021-03-30T11:41:44+00:00\",\"breadcrumb\":{\"@id\":\"https:\/\/www.sandsofsilence.org\/es\/producto\/32159\/#breadcrumb\"},\"inLanguage\":\"es\",\"potentialAction\":[{\"@type\":\"ReadAction\",\"target\":[\"https:\/\/www.sandsofsilence.org\/es\/producto\/32159\/\"]}]},{\"@type\":\"ImageObject\",\"inLanguage\":\"es\",\"@id\":\"https:\/\/www.sandsofsilence.org\/es\/producto\/32159\/#primaryimage\",\"url\":\"https:\/\/www.sandsofsilence.org\/wp-content\/uploads\/2018\/07\/Sands-of-Silence-02-fw_RGB-1.jpg\",\"contentUrl\":\"https:\/\/www.sandsofsilence.org\/wp-content\/uploads\/2018\/07\/Sands-of-Silence-02-fw_RGB-1.jpg\",\"width\":3300,\"height\":2250,\"caption\":\"Arenas de Silencio Documental sobre Violencia Sexual y Tr\u00e1fico Humano\"},{\"@type\":\"BreadcrumbList\",\"@id\":\"https:\/\/www.sandsofsilence.org\/es\/producto\/32159\/#breadcrumb\",\"itemListElement\":[{\"@type\":\"ListItem\",\"position\":1,\"name\":\"Home\",\"item\":\"https:\/\/www.sandsofsilence.org\/es\/\"},{\"@type\":\"ListItem\",\"position\":2,\"name\":\"DVD Arenas de Silencio &#8211; Sands of Silence\"}]},{\"@type\":\"WebSite\",\"@id\":\"https:\/\/www.sandsofsilence.org\/#website\",\"url\":\"https:\/\/www.sandsofsilence.org\/\",\"name\":\"Sands of Silence\",\"description\":\"SANDS OF SILENCE: Waves of Courage | This film inspires you to speak out about sexual violence\",\"publisher\":{\"@id\":\"https:\/\/www.sandsofsilence.org\/#organization\"},\"potentialAction\":[{\"@type\":\"SearchAction\",\"target\":{\"@type\":\"EntryPoint\",\"urlTemplate\":\"https:\/\/www.sandsofsilence.org\/?s={search_term_string}\"},\"query-input\":{\"@type\":\"PropertyValueSpecification\",\"valueRequired\":true,\"valueName\":\"search_term_string\"}}],\"inLanguage\":\"es\"},{\"@type\":\"Organization\",\"@id\":\"https:\/\/www.sandsofsilence.org\/#organization\",\"name\":\"Sands of Silence\",\"url\":\"https:\/\/www.sandsofsilence.org\/\",\"logo\":{\"@type\":\"ImageObject\",\"inLanguage\":\"es\",\"@id\":\"https:\/\/www.sandsofsilence.org\/#\/schema\/logo\/image\/\",\"url\":\"https:\/\/www.sandsofsilence.org\/wp-content\/uploads\/2017\/10\/Logo.png\",\"contentUrl\":\"https:\/\/www.sandsofsilence.org\/wp-content\/uploads\/2017\/10\/Logo.png\",\"width\":194,\"height\":69,\"caption\":\"Sands of Silence\"},\"image\":{\"@id\":\"https:\/\/www.sandsofsilence.org\/#\/schema\/logo\/image\/\"},\"sameAs\":[\"https:\/\/www.facebook.com\/sandsofsilence\/\",\"https:\/\/x.com\/sandsofsilence\"]}]}<\/script>\n<!-- \/ Yoast SEO plugin. -->","yoast_head_json":{"title":"DVD Arenas de Silencio - Sands of Silence - Sands of Silence","robots":{"index":"index","follow":"follow","max-snippet":"max-snippet:-1","max-image-preview":"max-image-preview:large","max-video-preview":"max-video-preview:-1"},"canonical":"https:\/\/www.sandsofsilence.org\/es\/producto\/32159\/","og_locale":"es_ES","og_type":"article","og_title":"DVD Arenas de Silencio - Sands of Silence - Sands of Silence","og_description":"Asegura tu Reserva del DVD para USO en el HOGAR Precio incluye gastos de env\u00edo a EE.UU. y CANAD\u00c1. Para otros pa\u00edses por favor enviadnos un email.  10% de los beneficios de la venta del DVD para uso en el hogar se destinar\u00e1 a la Fundaci\u00f3n de Sobrevivientes de Tr\u00e1fico Humano creada por nuestra protagonista Virginia Isaias.","og_url":"https:\/\/www.sandsofsilence.org\/es\/producto\/32159\/","og_site_name":"Sands of Silence","article_publisher":"https:\/\/www.facebook.com\/sandsofsilence\/","article_modified_time":"2021-03-30T11:41:44+00:00","og_image":[{"width":3300,"height":2250,"url":"https:\/\/www.sandsofsilence.org\/wp-content\/uploads\/2018\/07\/Sands-of-Silence-02-fw_RGB-1.jpg","type":"image\/jpeg"}],"twitter_card":"summary_large_image","twitter_site":"@sandsofsilence","twitter_misc":{"Tiempo de lectura":"2 minutos"},"schema":{"@context":"https:\/\/schema.org","@graph":[{"@type":"WebPage","@id":"https:\/\/www.sandsofsilence.org\/es\/producto\/32159\/","url":"https:\/\/www.sandsofsilence.org\/es\/producto\/32159\/","name":"DVD Arenas de Silencio - Sands of Silence - Sands of Silence","isPartOf":{"@id":"https:\/\/www.sandsofsilence.org\/#website"},"primaryImageOfPage":{"@id":"https:\/\/www.sandsofsilence.org\/es\/producto\/32159\/#primaryimage"},"image":{"@id":"https:\/\/www.sandsofsilence.org\/es\/producto\/32159\/#primaryimage"},"thumbnailUrl":"https:\/\/www.sandsofsilence.org\/wp-content\/uploads\/2018\/07\/Sands-of-Silence-02-fw_RGB-1.jpg","datePublished":"2018-07-27T20:51:13+00:00","dateModified":"2021-03-30T11:41:44+00:00","breadcrumb":{"@id":"https:\/\/www.sandsofsilence.org\/es\/producto\/32159\/#breadcrumb"},"inLanguage":"es","potentialAction":[{"@type":"ReadAction","target":["https:\/\/www.sandsofsilence.org\/es\/producto\/32159\/"]}]},{"@type":"ImageObject","inLanguage":"es","@id":"https:\/\/www.sandsofsilence.org\/es\/producto\/32159\/#primaryimage","url":"https:\/\/www.sandsofsilence.org\/wp-content\/uploads\/2018\/07\/Sands-of-Silence-02-fw_RGB-1.jpg","contentUrl":"https:\/\/www.sandsofsilence.org\/wp-content\/uploads\/2018\/07\/Sands-of-Silence-02-fw_RGB-1.jpg","width":3300,"height":2250,"caption":"Arenas de Silencio Documental sobre Violencia Sexual y Tr\u00e1fico Humano"},{"@type":"BreadcrumbList","@id":"https:\/\/www.sandsofsilence.org\/es\/producto\/32159\/#breadcrumb","itemListElement":[{"@type":"ListItem","position":1,"name":"Home","item":"https:\/\/www.sandsofsilence.org\/es\/"},{"@type":"ListItem","position":2,"name":"DVD Arenas de Silencio &#8211; Sands of Silence"}]},{"@type":"WebSite","@id":"https:\/\/www.sandsofsilence.org\/#website","url":"https:\/\/www.sandsofsilence.org\/","name":"Sands of Silence","description":"SANDS OF SILENCE: Waves of Courage | This film inspires you to speak out about sexual violence","publisher":{"@id":"https:\/\/www.sandsofsilence.org\/#organization"},"potentialAction":[{"@type":"SearchAction","target":{"@type":"EntryPoint","urlTemplate":"https:\/\/www.sandsofsilence.org\/?s={search_term_string}"},"query-input":{"@type":"PropertyValueSpecification","valueRequired":true,"valueName":"search_term_string"}}],"inLanguage":"es"},{"@type":"Organization","@id":"https:\/\/www.sandsofsilence.org\/#organization","name":"Sands of Silence","url":"https:\/\/www.sandsofsilence.org\/","logo":{"@type":"ImageObject","inLanguage":"es","@id":"https:\/\/www.sandsofsilence.org\/#\/schema\/logo\/image\/","url":"https:\/\/www.sandsofsilence.org\/wp-content\/uploads\/2017\/10\/Logo.png","contentUrl":"https:\/\/www.sandsofsilence.org\/wp-content\/uploads\/2017\/10\/Logo.png","width":194,"height":69,"caption":"Sands of Silence"},"image":{"@id":"https:\/\/www.sandsofsilence.org\/#\/schema\/logo\/image\/"},"sameAs":["https:\/\/www.facebook.com\/sandsofsilence\/","https:\/\/x.com\/sandsofsilence"]}]}},"_links":{"self":[{"href":"https:\/\/www.sandsofsilence.org\/es\/wp-json\/wp\/v2\/product\/32159","targetHints":{"allow":["GET"]}}],"collection":[{"href":"https:\/\/www.sandsofsilence.org\/es\/wp-json\/wp\/v2\/product"}],"about":[{"href":"https:\/\/www.sandsofsilence.org\/es\/wp-json\/wp\/v2\/types\/product"}],"wp:featuredmedia":[{"embeddable":true,"href":"https:\/\/www.sandsofsilence.org\/es\/wp-json\/wp\/v2\/media\/32149"}],"wp:attachment":[{"href":"https:\/\/www.sandsofsilence.org\/es\/wp-json\/wp\/v2\/media?parent=32159"}],"wp:term":[{"taxonomy":"product_brand","embeddable":true,"href":"https:\/\/www.sandsofsilence.org\/es\/wp-json\/wp\/v2\/product_brand?post=32159"},{"taxonomy":"product_cat","embeddable":true,"href":"https:\/\/www.sandsofsilence.org\/es\/wp-json\/wp\/v2\/product_cat?post=32159"},{"taxonomy":"product_tag","embeddable":true,"href":"https:\/\/www.sandsofsilence.org\/es\/wp-json\/wp\/v2\/product_tag?post=32159"}],"curies":[{"name":"wp","href":"https:\/\/api.w.org\/{rel}","templated":true}]}}