{"id":33590,"date":"2021-05-27T09:13:30","date_gmt":"2021-05-27T09:13:30","guid":{"rendered":"https:\/\/www.sandsofsilence.org\/?page_id=33590"},"modified":"2021-05-27T09:27:28","modified_gmt":"2021-05-27T09:27:28","slug":"streaming-internacional","status":"publish","type":"page","link":"https:\/\/www.sandsofsilence.org\/es\/streaming-internacional\/","title":{"rendered":"Streaming Internacional"},"content":{"rendered":"<div class=\"wpb-content-wrapper\"><p>[vc_section full_width=\u00bbstretch_row\u00bb el_id=\u00bbhero\u00bb css=\u00bb.vc_custom_1505987080005{background-image: url(https:\/\/www.sandsofsilence.org\/wp-content\/uploads\/2017\/08\/hero-bg.jpg?id=29219) !important;}\u00bb][vc_row][vc_column][vc_column_text]<\/p>\n<h3 class=\"font-52 white\">ARENAS DE SILENCIO: Olas de Valor<br \/>\nStreaming Internacional<\/h3>\n<p>[\/vc_column_text][\/vc_column][\/vc_row][\/vc_section][vc_row css=\u00bb.vc_custom_1505987677539{padding-top: 40px !important;}\u00bb][vc_column width=\u00bb1\/2&#8243;][vc_column_text]<\/p>\n<h2 style=\"text-align: center;\">ENGLISH<\/h2>\n<p><strong>Sands of Silence: Waves of Courage<\/strong> is a personal documentary about a filmmaker who, inspired by the transformation of the sex-trafficking survivors whose lives she is documenting, finds the courage to break the silence about sexual abuse in her own life.<\/p>\n<p><a href=\"https:\/\/vimeo.com\/ondemand\/sandsofsilence\" target=\"_blank\" rel=\"noopener\"><img loading=\"lazy\" decoding=\"async\" class=\"wp-image-33593 size-medium aligncenter\" src=\"https:\/\/www.sandsofsilence.org\/wp-content\/uploads\/2021\/05\/Screen-Shot-2021-05-26-at-11.48.54-AM-300x259.png?_t=1622039258\" alt=\"\" width=\"300\" height=\"259\" srcset=\"https:\/\/www.sandsofsilence.org\/wp-content\/uploads\/2021\/05\/Screen-Shot-2021-05-26-at-11.48.54-AM-300x259.png 300w, https:\/\/www.sandsofsilence.org\/wp-content\/uploads\/2021\/05\/Screen-Shot-2021-05-26-at-11.48.54-AM-1024x886.png 1024w, https:\/\/www.sandsofsilence.org\/wp-content\/uploads\/2021\/05\/Screen-Shot-2021-05-26-at-11.48.54-AM-768x664.png 768w, https:\/\/www.sandsofsilence.org\/wp-content\/uploads\/2021\/05\/Screen-Shot-2021-05-26-at-11.48.54-AM-1536x1328.png 1536w, https:\/\/www.sandsofsilence.org\/wp-content\/uploads\/2021\/05\/Screen-Shot-2021-05-26-at-11.48.54-AM-600x519.png 600w, https:\/\/www.sandsofsilence.org\/wp-content\/uploads\/2021\/05\/Screen-Shot-2021-05-26-at-11.48.54-AM.png 1732w\" sizes=\"auto, (max-width: 300px) 100vw, 300px\" \/><\/a>[\/vc_column_text][\/vc_column][vc_column width=\u00bb1\/2&#8243;][vc_column_text css=\u00bb.vc_custom_1622039310966{padding-top: 40px !important;}\u00bb]<\/p>\n<h2 style=\"text-align: center;\">ESPA\u00d1OL<\/h2>\n<p><strong>Arenas de Silencio: Olas de Valor\u00a0<\/strong>La cineasta, inspirada por la transformaci\u00f3n de Anu Tamang y Virginia Isaias, dos supervivientes de trata de Nepal y M\u00e9xico cuyas vidas documenta, se ve abocada a romper el silencio sobre el abuso sexual en su vida.<\/p>\n<p><a href=\"https:\/\/vimeo.com\/ondemand\/arenasdesilencio\" target=\"_blank\" rel=\"noopener\"><img loading=\"lazy\" decoding=\"async\" class=\"aligncenter wp-image-33602 size-medium\" src=\"https:\/\/www.sandsofsilence.org\/wp-content\/uploads\/2021\/05\/Screen-Shot-2021-05-26-at-12.05.31-PM-300x257.png?_t=1622039296\" alt=\"\" width=\"300\" height=\"257\" srcset=\"https:\/\/www.sandsofsilence.org\/wp-content\/uploads\/2021\/05\/Screen-Shot-2021-05-26-at-12.05.31-PM-300x257.png 300w, https:\/\/www.sandsofsilence.org\/wp-content\/uploads\/2021\/05\/Screen-Shot-2021-05-26-at-12.05.31-PM-1024x877.png 1024w, https:\/\/www.sandsofsilence.org\/wp-content\/uploads\/2021\/05\/Screen-Shot-2021-05-26-at-12.05.31-PM-768x658.png 768w, https:\/\/www.sandsofsilence.org\/wp-content\/uploads\/2021\/05\/Screen-Shot-2021-05-26-at-12.05.31-PM-1536x1316.png 1536w, https:\/\/www.sandsofsilence.org\/wp-content\/uploads\/2021\/05\/Screen-Shot-2021-05-26-at-12.05.31-PM-600x514.png 600w, https:\/\/www.sandsofsilence.org\/wp-content\/uploads\/2021\/05\/Screen-Shot-2021-05-26-at-12.05.31-PM.png 1744w\" sizes=\"auto, (max-width: 300px) 100vw, 300px\" \/><\/a>[\/vc_column_text][\/vc_column][\/vc_row][vc_row css=\u00bb.vc_custom_1505987677539{padding-top: 40px !important;}\u00bb][vc_column width=\u00bb1\/2&#8243;][vc_column_text]<\/p>\n<h2 style=\"text-align: center;\">PORTUGU\u00caS<\/h2>\n<p><strong>Areias do Sil\u00eancio: Ondas de Coragem<\/strong>\u00a0Depois de se dedicar mais de 15 anos para expor o submundo da explora\u00e7\u00e3o sexual e do tr\u00e1fico na \u00c1sia e nas Am\u00e9ricas, a jornalista internacional Chelo Alvarez-Stehle se v\u00ea na necessidade de retornar \u00e0 praia de Zarautz que terminou sua inf\u00e2ncia com o para revelar segredos de fam\u00edlia.<\/p>\n<p><a href=\"https:\/\/vimeo.com\/ondemand\/areiasdosilencio\" target=\"_blank\" rel=\"noopener\"><img loading=\"lazy\" decoding=\"async\" class=\"aligncenter wp-image-33598 size-medium\" src=\"https:\/\/www.sandsofsilence.org\/wp-content\/uploads\/2021\/05\/Screen-Shot-2021-05-26-at-12.00.36-PM-300x260.png?_t=1622039322\" alt=\"\" width=\"300\" height=\"260\" srcset=\"https:\/\/www.sandsofsilence.org\/wp-content\/uploads\/2021\/05\/Screen-Shot-2021-05-26-at-12.00.36-PM-300x260.png 300w, https:\/\/www.sandsofsilence.org\/wp-content\/uploads\/2021\/05\/Screen-Shot-2021-05-26-at-12.00.36-PM-1024x889.png 1024w, https:\/\/www.sandsofsilence.org\/wp-content\/uploads\/2021\/05\/Screen-Shot-2021-05-26-at-12.00.36-PM-768x667.png 768w, https:\/\/www.sandsofsilence.org\/wp-content\/uploads\/2021\/05\/Screen-Shot-2021-05-26-at-12.00.36-PM-1536x1334.png 1536w, https:\/\/www.sandsofsilence.org\/wp-content\/uploads\/2021\/05\/Screen-Shot-2021-05-26-at-12.00.36-PM-600x521.png 600w, https:\/\/www.sandsofsilence.org\/wp-content\/uploads\/2021\/05\/Screen-Shot-2021-05-26-at-12.00.36-PM.png 1716w\" sizes=\"auto, (max-width: 300px) 100vw, 300px\" \/><\/a>[\/vc_column_text][\/vc_column][vc_column width=\u00bb1\/2&#8243;][vc_column_text css=\u00bb.vc_custom_1622039347341{padding-top: 40px !important;}\u00bb]<\/p>\n<h2 style=\"text-align: center;\">FRAN\u00c7AIS<\/h2>\n<p><strong>Les sables du silence: Vagues de courage \u00a0<\/strong>Inspir\u00e9e par les survivantes du trafic sexuel qu&#8217;elle a film\u00e9es au N\u00e9pal et au Mexique, et par leur transformation, la r\u00e9alisatrice trouve le courage de briser le silence autour des abus sexuels qu&#8217;elle m\u00eame a subis.<\/p>\n<p>&nbsp;<\/p>\n<p><a href=\"https:\/\/vimeo.com\/ondemand\/sablesdusilence\" target=\"_blank\" rel=\"noopener\"><img loading=\"lazy\" decoding=\"async\" class=\"aligncenter wp-image-33596 size-medium\" src=\"https:\/\/www.sandsofsilence.org\/wp-content\/uploads\/2021\/05\/Screen-Shot-2021-05-26-at-11.58.44-AM-300x261.png?_t=1622039339\" alt=\"\" width=\"300\" height=\"261\" srcset=\"https:\/\/www.sandsofsilence.org\/wp-content\/uploads\/2021\/05\/Screen-Shot-2021-05-26-at-11.58.44-AM-300x261.png 300w, https:\/\/www.sandsofsilence.org\/wp-content\/uploads\/2021\/05\/Screen-Shot-2021-05-26-at-11.58.44-AM-1024x892.png 1024w, https:\/\/www.sandsofsilence.org\/wp-content\/uploads\/2021\/05\/Screen-Shot-2021-05-26-at-11.58.44-AM-768x669.png 768w, https:\/\/www.sandsofsilence.org\/wp-content\/uploads\/2021\/05\/Screen-Shot-2021-05-26-at-11.58.44-AM-1536x1338.png 1536w, https:\/\/www.sandsofsilence.org\/wp-content\/uploads\/2021\/05\/Screen-Shot-2021-05-26-at-11.58.44-AM-600x523.png 600w, https:\/\/www.sandsofsilence.org\/wp-content\/uploads\/2021\/05\/Screen-Shot-2021-05-26-at-11.58.44-AM.png 1710w\" sizes=\"auto, (max-width: 300px) 100vw, 300px\" \/><\/a>[\/vc_column_text][\/vc_column][\/vc_row][vc_row css=\u00bb.vc_custom_1505987677539{padding-top: 40px !important;}\u00bb][vc_column width=\u00bb1\/2&#8243;][vc_column_text]<\/p>\n<h2 style=\"text-align: center;\">JAPANESE &#8211; \u65e5\u672c\u8a9e<\/h2>\n<h3 style=\"text-align: center;\">COMING SOON \u00a0\u8fd1\u65e5\u516c\u958b<\/h3>\n<p class=\"vod-title-page-header\"><strong>\u30b5\u30f3\u30c9\u30fb\u30aa\u30d6\u30fb\u30b5\u30a4\u30ec\u30f3\u30b9\uff1a\u30a6\u30a7\u30a4\u30d6\u30fb\u30aa\u30d6\u30fb\u30ab\u30ec\u30c3\u30b8 \u6c88\u9ed9\u306e\u7802: \u52c7\u6c17\u306e\u6ce2<\/strong><\/p>\n<p>\u30a2\u30b8\u30a2\u3084\u30a2\u30e1\u30ea\u30ab\u306b\u5e83\u304c\u308b\u6027\u7684\u643e\u53d6\u3068\u4eba\u8eab\u58f2\u8cb7\u306e\u72af\u7f6a\u309215\u5e74\u306b\u308f\u305f\u308a\u8ffd\u7a76\u3057\u3066\u304d\u305f\u56fd\u969b\u30b8\u30e3\u30fc\u30ca\u30ea\u30b9\u30c8\u3001\u30c1\u30a7\u30ed\u30fb\u30a2\u30eb\u30d0\u30ec\u30b9=\u30b9\u30c6\u30a4\u30ea\u306f\u3001\u81ea\u8eab\u306e\u5e7c\u5c11\u671f\u306b\u7d42\u6b62\u7b26\u3092\u6253\u3064\u3053\u3068\u306b\u306a\u3063\u305f\u30b5\u30e9\u30a6\u30b9\u306e\u6d77\u5cb8\u306b\u518d\u3073\u7acb\u3061\u3001\u5bb6\u65cf\u306e\u79d8\u5bc6\u3092\u660e\u3089\u304b\u306b\u3057\u306a\u3051\u308c\u3070\u306a\u3089\u306a\u3044\u3068\u601d\u3044\u7acb\u3064\u3002<\/p>\n<p><img loading=\"lazy\" decoding=\"async\" class=\"aligncenter wp-image-33606 size-medium\" src=\"https:\/\/www.sandsofsilence.org\/wp-content\/uploads\/2021\/05\/Screen-Shot-2021-05-26-at-12.10.26-PM-300x251.png?_t=1622107637\" alt=\"\" width=\"300\" height=\"251\" srcset=\"https:\/\/www.sandsofsilence.org\/wp-content\/uploads\/2021\/05\/Screen-Shot-2021-05-26-at-12.10.26-PM-300x251.png 300w, https:\/\/www.sandsofsilence.org\/wp-content\/uploads\/2021\/05\/Screen-Shot-2021-05-26-at-12.10.26-PM-1024x855.png 1024w, https:\/\/www.sandsofsilence.org\/wp-content\/uploads\/2021\/05\/Screen-Shot-2021-05-26-at-12.10.26-PM-768x642.png 768w, https:\/\/www.sandsofsilence.org\/wp-content\/uploads\/2021\/05\/Screen-Shot-2021-05-26-at-12.10.26-PM-600x501.png 600w, https:\/\/www.sandsofsilence.org\/wp-content\/uploads\/2021\/05\/Screen-Shot-2021-05-26-at-12.10.26-PM.png 1530w\" sizes=\"auto, (max-width: 300px) 100vw, 300px\" \/>[\/vc_column_text][\/vc_column][vc_column width=\u00bb1\/2&#8243;][vc_column_text css=\u00bb.vc_custom_1622040007933{padding-top: 40px !important;}\u00bb]<\/p>\n<h2 style=\"text-align: center;\">CHINESE &#8211; \u4e2d\u56fd\u4eba<\/h2>\n<p class=\"vod-title-page-header\"><strong>\u6c89\u9ed8\u4e4b\u6c99\uff1a\u52c7\u6c14\u7684\u6d6a\u6f6e \u00a0 \u6897\u6982 <\/strong><\/p>\n<p class=\"vod-title-page-header\">Chelo Alvarez-Stehle\u66fe\u662f\u4e00\u540d\u5728\u4e16\u754c\u5404\u5730\u8fdb\u884c\u62a5\u9053\u7684\u8bb0\u8005\u3002\u5979\u82b1\u4e86\u6574\u657415\u5e74\u7684\u65f6\u95f4\uff0c\u8ffd\u8e2a\u63ed\u9732\u6027\u5265\u524a\u548c\u4eba\u53e3\u8d29\u5356\u7684\u72af\u7f6a\u884c\u4e3a\uff0c\u4ece\u4e9a\u6d32\u5230\u7f8e\u6d32\uff0c\u518d\u5230\u90a3\u4e2a\u88ab\u98ce\u63a0\u8fc7\u3001\u7ae5\u5e74\u4ece\u6b64\u4e0d\u518d\u7684\u6d77\u6ee9\uff0cChelo\u7684\u5bb6\u65cf\u79d8\u5bc6\u4e5f\u7531\u6b64\u5c55\u5f00\u3002<\/p>\n<p><a href=\"https:\/\/vimeo.com\/ondemand\/soschinese\" target=\"_blank\" rel=\"noopener\"><img loading=\"lazy\" decoding=\"async\" class=\"aligncenter wp-image-33608 size-medium\" src=\"https:\/\/www.sandsofsilence.org\/wp-content\/uploads\/2021\/05\/Screen-Shot-2021-05-26-at-12.19.13-PM-300x252.png?_t=1622040002\" alt=\"\" width=\"300\" height=\"252\" srcset=\"https:\/\/www.sandsofsilence.org\/wp-content\/uploads\/2021\/05\/Screen-Shot-2021-05-26-at-12.19.13-PM-300x252.png 300w, https:\/\/www.sandsofsilence.org\/wp-content\/uploads\/2021\/05\/Screen-Shot-2021-05-26-at-12.19.13-PM-1024x861.png 1024w, https:\/\/www.sandsofsilence.org\/wp-content\/uploads\/2021\/05\/Screen-Shot-2021-05-26-at-12.19.13-PM-768x646.png 768w, https:\/\/www.sandsofsilence.org\/wp-content\/uploads\/2021\/05\/Screen-Shot-2021-05-26-at-12.19.13-PM-1536x1292.png 1536w, https:\/\/www.sandsofsilence.org\/wp-content\/uploads\/2021\/05\/Screen-Shot-2021-05-26-at-12.19.13-PM-600x505.png 600w, https:\/\/www.sandsofsilence.org\/wp-content\/uploads\/2021\/05\/Screen-Shot-2021-05-26-at-12.19.13-PM.png 1714w\" sizes=\"auto, (max-width: 300px) 100vw, 300px\" \/><\/a>[\/vc_column_text][\/vc_column][\/vc_row]<\/p>\n<\/div>","protected":false},"excerpt":{"rendered":"<p>[vc_section full_width=\u00bbstretch_row\u00bb el_id=\u00bbhero\u00bb css=\u00bb.vc_custom_1505987080005{background-image: url(https:\/\/www.sandsofsilence.org\/wp-content\/uploads\/2017\/08\/hero-bg.jpg?id=29219) !important;}\u00bb][vc_row][vc_column][vc_column_text] ARENAS DE SILENCIO: Olas de Valor Streaming Internacional [\/vc_column_text][\/vc_column][\/vc_row][\/vc_section][vc_row css=\u00bb.vc_custom_1505987677539{padding-top: 40px !important;}\u00bb][vc_column width=\u00bb1\/2&#8243;][vc_column_text] ENGLISH Sands of Silence: Waves of Courage is a personal documentary about a filmmaker who, inspired by the transformation of the sex-trafficking survivors whose lives she is documenting, finds the courage to break the silence about [&hellip;]<\/p>\n","protected":false},"author":3,"featured_media":33594,"parent":0,"menu_order":0,"comment_status":"closed","ping_status":"closed","template":"","meta":{"footnotes":""},"class_list":["post-33590","page","type-page","status-publish","has-post-thumbnail","hentry"],"yoast_head":"<!-- This site is optimized with the Yoast SEO plugin v25.7 - https:\/\/yoast.com\/wordpress\/plugins\/seo\/ -->\n<title>Arenas de Silencio Olas de Valor Streaming Internacional Idiomas<\/title>\n<meta name=\"description\" content=\"ARENAS DE SILENCIO OLAS DE VALOR Pel\u00edcula Documental en Streaming Internacional en Vimeo en Ingl\u00e9s Castellano Franc\u00e9s Portugu\u00e9s Japon\u00e9s Chino\" \/>\n<meta name=\"robots\" content=\"index, follow, max-snippet:-1, max-image-preview:large, max-video-preview:-1\" \/>\n<link rel=\"canonical\" href=\"https:\/\/www.sandsofsilence.org\/es\/streaming-internacional\/\" \/>\n<meta property=\"og:locale\" content=\"es_ES\" \/>\n<meta property=\"og:type\" content=\"article\" \/>\n<meta property=\"og:title\" content=\"Arenas de Silencio Olas de Valor Streaming Internacional Idiomas\" \/>\n<meta property=\"og:description\" content=\"ARENAS DE SILENCIO OLAS DE VALOR Pel\u00edcula Documental en Streaming Internacional en Vimeo en Ingl\u00e9s Castellano Franc\u00e9s Portugu\u00e9s Japon\u00e9s Chino\" \/>\n<meta property=\"og:url\" content=\"https:\/\/www.sandsofsilence.org\/es\/streaming-internacional\/\" \/>\n<meta property=\"og:site_name\" content=\"Sands of Silence\" \/>\n<meta property=\"article:publisher\" content=\"https:\/\/www.facebook.com\/sandsofsilence\/\" \/>\n<meta property=\"article:modified_time\" content=\"2021-05-27T09:27:28+00:00\" \/>\n<meta property=\"og:image\" content=\"https:\/\/www.sandsofsilence.org\/wp-content\/uploads\/2021\/05\/Screen-Shot-2021-05-26-at-11.48.54-AM.png\" \/>\n\t<meta property=\"og:image:width\" content=\"1732\" \/>\n\t<meta property=\"og:image:height\" content=\"1498\" \/>\n\t<meta property=\"og:image:type\" content=\"image\/png\" \/>\n<meta name=\"twitter:card\" content=\"summary_large_image\" \/>\n<meta name=\"twitter:site\" content=\"@sandsofsilence\" \/>\n<meta name=\"twitter:label1\" content=\"Tiempo de lectura\" \/>\n\t<meta name=\"twitter:data1\" content=\"3 minutos\" \/>\n<script type=\"application\/ld+json\" class=\"yoast-schema-graph\">{\"@context\":\"https:\/\/schema.org\",\"@graph\":[{\"@type\":\"WebPage\",\"@id\":\"https:\/\/www.sandsofsilence.org\/es\/streaming-internacional\/\",\"url\":\"https:\/\/www.sandsofsilence.org\/es\/streaming-internacional\/\",\"name\":\"Arenas de Silencio Olas de Valor Streaming Internacional Idiomas\",\"isPartOf\":{\"@id\":\"https:\/\/www.sandsofsilence.org\/#website\"},\"primaryImageOfPage\":{\"@id\":\"https:\/\/www.sandsofsilence.org\/es\/streaming-internacional\/#primaryimage\"},\"image\":{\"@id\":\"https:\/\/www.sandsofsilence.org\/es\/streaming-internacional\/#primaryimage\"},\"thumbnailUrl\":\"https:\/\/www.sandsofsilence.org\/wp-content\/uploads\/2021\/05\/Screen-Shot-2021-05-26-at-11.48.54-AM.png\",\"datePublished\":\"2021-05-27T09:13:30+00:00\",\"dateModified\":\"2021-05-27T09:27:28+00:00\",\"description\":\"ARENAS DE SILENCIO OLAS DE VALOR Pel\u00edcula Documental en Streaming Internacional en Vimeo en Ingl\u00e9s Castellano Franc\u00e9s Portugu\u00e9s Japon\u00e9s Chino\",\"breadcrumb\":{\"@id\":\"https:\/\/www.sandsofsilence.org\/es\/streaming-internacional\/#breadcrumb\"},\"inLanguage\":\"es\",\"potentialAction\":[{\"@type\":\"ReadAction\",\"target\":[\"https:\/\/www.sandsofsilence.org\/es\/streaming-internacional\/\"]}]},{\"@type\":\"ImageObject\",\"inLanguage\":\"es\",\"@id\":\"https:\/\/www.sandsofsilence.org\/es\/streaming-internacional\/#primaryimage\",\"url\":\"https:\/\/www.sandsofsilence.org\/wp-content\/uploads\/2021\/05\/Screen-Shot-2021-05-26-at-11.48.54-AM.png\",\"contentUrl\":\"https:\/\/www.sandsofsilence.org\/wp-content\/uploads\/2021\/05\/Screen-Shot-2021-05-26-at-11.48.54-AM.png\",\"width\":1732,\"height\":1498},{\"@type\":\"BreadcrumbList\",\"@id\":\"https:\/\/www.sandsofsilence.org\/es\/streaming-internacional\/#breadcrumb\",\"itemListElement\":[{\"@type\":\"ListItem\",\"position\":1,\"name\":\"Home\",\"item\":\"https:\/\/www.sandsofsilence.org\/es\/\"},{\"@type\":\"ListItem\",\"position\":2,\"name\":\"Streaming Internacional\"}]},{\"@type\":\"WebSite\",\"@id\":\"https:\/\/www.sandsofsilence.org\/#website\",\"url\":\"https:\/\/www.sandsofsilence.org\/\",\"name\":\"Sands of Silence\",\"description\":\"SANDS OF SILENCE: Waves of Courage | This film inspires you to speak out about sexual violence\",\"publisher\":{\"@id\":\"https:\/\/www.sandsofsilence.org\/#organization\"},\"potentialAction\":[{\"@type\":\"SearchAction\",\"target\":{\"@type\":\"EntryPoint\",\"urlTemplate\":\"https:\/\/www.sandsofsilence.org\/?s={search_term_string}\"},\"query-input\":{\"@type\":\"PropertyValueSpecification\",\"valueRequired\":true,\"valueName\":\"search_term_string\"}}],\"inLanguage\":\"es\"},{\"@type\":\"Organization\",\"@id\":\"https:\/\/www.sandsofsilence.org\/#organization\",\"name\":\"Sands of Silence\",\"url\":\"https:\/\/www.sandsofsilence.org\/\",\"logo\":{\"@type\":\"ImageObject\",\"inLanguage\":\"es\",\"@id\":\"https:\/\/www.sandsofsilence.org\/#\/schema\/logo\/image\/\",\"url\":\"https:\/\/www.sandsofsilence.org\/wp-content\/uploads\/2017\/10\/Logo.png\",\"contentUrl\":\"https:\/\/www.sandsofsilence.org\/wp-content\/uploads\/2017\/10\/Logo.png\",\"width\":194,\"height\":69,\"caption\":\"Sands of Silence\"},\"image\":{\"@id\":\"https:\/\/www.sandsofsilence.org\/#\/schema\/logo\/image\/\"},\"sameAs\":[\"https:\/\/www.facebook.com\/sandsofsilence\/\",\"https:\/\/x.com\/sandsofsilence\"]}]}<\/script>\n<!-- \/ Yoast SEO plugin. -->","yoast_head_json":{"title":"Arenas de Silencio Olas de Valor Streaming Internacional Idiomas","description":"ARENAS DE SILENCIO OLAS DE VALOR Pel\u00edcula Documental en Streaming Internacional en Vimeo en Ingl\u00e9s Castellano Franc\u00e9s Portugu\u00e9s Japon\u00e9s Chino","robots":{"index":"index","follow":"follow","max-snippet":"max-snippet:-1","max-image-preview":"max-image-preview:large","max-video-preview":"max-video-preview:-1"},"canonical":"https:\/\/www.sandsofsilence.org\/es\/streaming-internacional\/","og_locale":"es_ES","og_type":"article","og_title":"Arenas de Silencio Olas de Valor Streaming Internacional Idiomas","og_description":"ARENAS DE SILENCIO OLAS DE VALOR Pel\u00edcula Documental en Streaming Internacional en Vimeo en Ingl\u00e9s Castellano Franc\u00e9s Portugu\u00e9s Japon\u00e9s Chino","og_url":"https:\/\/www.sandsofsilence.org\/es\/streaming-internacional\/","og_site_name":"Sands of Silence","article_publisher":"https:\/\/www.facebook.com\/sandsofsilence\/","article_modified_time":"2021-05-27T09:27:28+00:00","og_image":[{"width":1732,"height":1498,"url":"https:\/\/www.sandsofsilence.org\/wp-content\/uploads\/2021\/05\/Screen-Shot-2021-05-26-at-11.48.54-AM.png","type":"image\/png"}],"twitter_card":"summary_large_image","twitter_site":"@sandsofsilence","twitter_misc":{"Tiempo de lectura":"3 minutos"},"schema":{"@context":"https:\/\/schema.org","@graph":[{"@type":"WebPage","@id":"https:\/\/www.sandsofsilence.org\/es\/streaming-internacional\/","url":"https:\/\/www.sandsofsilence.org\/es\/streaming-internacional\/","name":"Arenas de Silencio Olas de Valor Streaming Internacional Idiomas","isPartOf":{"@id":"https:\/\/www.sandsofsilence.org\/#website"},"primaryImageOfPage":{"@id":"https:\/\/www.sandsofsilence.org\/es\/streaming-internacional\/#primaryimage"},"image":{"@id":"https:\/\/www.sandsofsilence.org\/es\/streaming-internacional\/#primaryimage"},"thumbnailUrl":"https:\/\/www.sandsofsilence.org\/wp-content\/uploads\/2021\/05\/Screen-Shot-2021-05-26-at-11.48.54-AM.png","datePublished":"2021-05-27T09:13:30+00:00","dateModified":"2021-05-27T09:27:28+00:00","description":"ARENAS DE SILENCIO OLAS DE VALOR Pel\u00edcula Documental en Streaming Internacional en Vimeo en Ingl\u00e9s Castellano Franc\u00e9s Portugu\u00e9s Japon\u00e9s Chino","breadcrumb":{"@id":"https:\/\/www.sandsofsilence.org\/es\/streaming-internacional\/#breadcrumb"},"inLanguage":"es","potentialAction":[{"@type":"ReadAction","target":["https:\/\/www.sandsofsilence.org\/es\/streaming-internacional\/"]}]},{"@type":"ImageObject","inLanguage":"es","@id":"https:\/\/www.sandsofsilence.org\/es\/streaming-internacional\/#primaryimage","url":"https:\/\/www.sandsofsilence.org\/wp-content\/uploads\/2021\/05\/Screen-Shot-2021-05-26-at-11.48.54-AM.png","contentUrl":"https:\/\/www.sandsofsilence.org\/wp-content\/uploads\/2021\/05\/Screen-Shot-2021-05-26-at-11.48.54-AM.png","width":1732,"height":1498},{"@type":"BreadcrumbList","@id":"https:\/\/www.sandsofsilence.org\/es\/streaming-internacional\/#breadcrumb","itemListElement":[{"@type":"ListItem","position":1,"name":"Home","item":"https:\/\/www.sandsofsilence.org\/es\/"},{"@type":"ListItem","position":2,"name":"Streaming Internacional"}]},{"@type":"WebSite","@id":"https:\/\/www.sandsofsilence.org\/#website","url":"https:\/\/www.sandsofsilence.org\/","name":"Sands of Silence","description":"SANDS OF SILENCE: Waves of Courage | This film inspires you to speak out about sexual violence","publisher":{"@id":"https:\/\/www.sandsofsilence.org\/#organization"},"potentialAction":[{"@type":"SearchAction","target":{"@type":"EntryPoint","urlTemplate":"https:\/\/www.sandsofsilence.org\/?s={search_term_string}"},"query-input":{"@type":"PropertyValueSpecification","valueRequired":true,"valueName":"search_term_string"}}],"inLanguage":"es"},{"@type":"Organization","@id":"https:\/\/www.sandsofsilence.org\/#organization","name":"Sands of Silence","url":"https:\/\/www.sandsofsilence.org\/","logo":{"@type":"ImageObject","inLanguage":"es","@id":"https:\/\/www.sandsofsilence.org\/#\/schema\/logo\/image\/","url":"https:\/\/www.sandsofsilence.org\/wp-content\/uploads\/2017\/10\/Logo.png","contentUrl":"https:\/\/www.sandsofsilence.org\/wp-content\/uploads\/2017\/10\/Logo.png","width":194,"height":69,"caption":"Sands of Silence"},"image":{"@id":"https:\/\/www.sandsofsilence.org\/#\/schema\/logo\/image\/"},"sameAs":["https:\/\/www.facebook.com\/sandsofsilence\/","https:\/\/x.com\/sandsofsilence"]}]}},"_links":{"self":[{"href":"https:\/\/www.sandsofsilence.org\/es\/wp-json\/wp\/v2\/pages\/33590","targetHints":{"allow":["GET"]}}],"collection":[{"href":"https:\/\/www.sandsofsilence.org\/es\/wp-json\/wp\/v2\/pages"}],"about":[{"href":"https:\/\/www.sandsofsilence.org\/es\/wp-json\/wp\/v2\/types\/page"}],"author":[{"embeddable":true,"href":"https:\/\/www.sandsofsilence.org\/es\/wp-json\/wp\/v2\/users\/3"}],"replies":[{"embeddable":true,"href":"https:\/\/www.sandsofsilence.org\/es\/wp-json\/wp\/v2\/comments?post=33590"}],"version-history":[{"count":10,"href":"https:\/\/www.sandsofsilence.org\/es\/wp-json\/wp\/v2\/pages\/33590\/revisions"}],"predecessor-version":[{"id":33659,"href":"https:\/\/www.sandsofsilence.org\/es\/wp-json\/wp\/v2\/pages\/33590\/revisions\/33659"}],"wp:featuredmedia":[{"embeddable":true,"href":"https:\/\/www.sandsofsilence.org\/es\/wp-json\/wp\/v2\/media\/33594"}],"wp:attachment":[{"href":"https:\/\/www.sandsofsilence.org\/es\/wp-json\/wp\/v2\/media?parent=33590"}],"curies":[{"name":"wp","href":"https:\/\/api.w.org\/{rel}","templated":true}]}}