{"id":31200,"date":"2017-12-20T18:32:55","date_gmt":"2017-12-20T18:32:55","guid":{"rendered":"https:\/\/www.sandsofsilence.org\/documental-arenas-de-silencio\/sobre-la-pelicula\/"},"modified":"2017-12-23T20:29:49","modified_gmt":"2017-12-23T20:29:49","slug":"sobre-la-pelicula","status":"publish","type":"page","link":"https:\/\/www.sandsofsilence.org\/es\/documental-arenas-de-silencio\/sobre-la-pelicula\/","title":{"rendered":"Sobre la pel\u00edcula"},"content":{"rendered":"<div class=\"wpb-content-wrapper\"><p>[vc_section full_width=\u00bbstretch_row\u00bb el_id=\u00bbhero\u00bb css=\u00bb.vc_custom_1505306067353{background-image: url(https:\/\/www.sandsofsilence.org\/wp-content\/uploads\/2017\/08\/hero-bg.jpg?id=29219) !important;background-position: center !important;background-repeat: no-repeat !important;background-size: cover !important;}\u00bb][vc_row][vc_column][vc_column_text]<\/p>\n<h3 class=\"font-52 white\">ARENAS DE SILENCIO: Olas de Valor<\/h3>\n<p class=\"font-32 white\">El documental Arenas de Silencio te inspira a romper el silencio sobre la violencia sexual.<\/p>\n<p>[\/vc_column_text][\/vc_column][\/vc_row][\/vc_section][vc_section][vc_row el_class=\u00bbcenter\u00bb][vc_column][vc_column_text]<\/p>\n<h3 class=\"font-32 blue\">\u201cLas v\u00edctimas de violencia dom\u00e9stica, acoso sexual, guerra y conflictos o discriminaci\u00f3n social son presa f\u00e1cil de los traficantes porque estos perciben la vulnerabilidad que confieren esos abusos previos. La normalizaci\u00f3n de la violencia y el abuso, o el sentimiento de verg\u00fcenza o p\u00e9rdida de la dignidad, pueden hacerlas propensas al tr\u00e1fico humano\u201d.<\/h3>\n<p>[fuente: Trafficking Resource Center] [\/vc_column_text][\/vc_column][\/vc_row][vc_row][vc_column width=\u00bb1\/3&#8243;][vc_column_text]<\/p>\n<h2><a href=\"https:\/\/www.sandsofsilence.org\/wp-content\/uploads\/2015\/10\/14618534797511.jpg\"><img loading=\"lazy\" decoding=\"async\" class=\"aligncenter wp-image-1993 size-full\" title=\"Sex traffickers prey on the weak and innocent \" src=\"https:\/\/www.sandsofsilence.org\/wp-content\/uploads\/2015\/10\/14618534797511.jpg\" alt=\"Sex traffickers prey on the weak and innocent \" width=\"660\" height=\"372\" srcset=\"https:\/\/www.sandsofsilence.org\/wp-content\/uploads\/2015\/10\/14618534797511.jpg 660w, https:\/\/www.sandsofsilence.org\/wp-content\/uploads\/2015\/10\/14618534797511-300x169.jpg 300w\" sizes=\"auto, (max-width: 660px) 100vw, 660px\" \/><\/a><\/h2>\n<p>[\/vc_column_text][\/vc_column][vc_column width=\u00bb1\/3&#8243;][vc_column_text]<\/p>\n<h2><a href=\"https:\/\/www.sandsofsilence.org\/wp-content\/uploads\/2017\/08\/video-2.png\"><img loading=\"lazy\" decoding=\"async\" class=\"aligncenter wp-image-29241 size-full\" title=\"Sands of Silence film image\" src=\"https:\/\/www.sandsofsilence.org\/wp-content\/uploads\/2017\/08\/video-2.png\" alt=\"Sands of Silence film image of a woman fleeing\" width=\"829\" height=\"465\" srcset=\"https:\/\/www.sandsofsilence.org\/wp-content\/uploads\/2017\/08\/video-2.png 829w, https:\/\/www.sandsofsilence.org\/wp-content\/uploads\/2017\/08\/video-2-300x168.png 300w, https:\/\/www.sandsofsilence.org\/wp-content\/uploads\/2017\/08\/video-2-768x431.png 768w\" sizes=\"auto, (max-width: 829px) 100vw, 829px\" \/><\/a><\/h2>\n<p>[\/vc_column_text][\/vc_column][vc_column width=\u00bb1\/3&#8243;][vc_column_text]<\/p>\n<h2><a href=\"https:\/\/www.sandsofsilence.org\/wp-content\/uploads\/2017\/08\/Anu.jpg\"><img loading=\"lazy\" decoding=\"async\" class=\"aligncenter wp-image-29373 size-full\" title=\"Anu Tamang survivor of sex trafficking\" src=\"https:\/\/www.sandsofsilence.org\/wp-content\/uploads\/2017\/08\/Anu.jpg\" alt=\"Anu Tamang survivor of sex trafficking\" width=\"400\" height=\"225\" srcset=\"https:\/\/www.sandsofsilence.org\/wp-content\/uploads\/2017\/08\/Anu.jpg 400w, https:\/\/www.sandsofsilence.org\/wp-content\/uploads\/2017\/08\/Anu-300x169.jpg 300w\" sizes=\"auto, (max-width: 400px) 100vw, 400px\" \/><\/a><\/h2>\n<p>[\/vc_column_text][\/vc_column][\/vc_row][\/vc_section][vc_section full_width=\u00bbstretch_row\u00bb css=\u00bb.vc_custom_1505307817520{background-color: #f9f9f9 !important;}\u00bb][vc_row gap=\u00bb10&#8243; css=\u00bb.vc_custom_1505840968693{margin-top: 20px !important;}\u00bb][vc_column width=\u00bb1\/2&#8243;][vc_column_text]<\/p>\n<h3 class=\"font-32 blue\"><em>Arenas de Silencio<\/em> no es una pel\u00edcula exclusivamente sobre tr\u00e1fico humano; es, m\u00e1s bien, un filme documental que aborda las interconexiones del espectro completo de la violencia sexual a trav\u00e9s de su denominador com\u00fan: el silencio.<\/h3>\n<p>Estamos convencidos de que los supervivientes de la explotaci\u00f3n y el abuso necesitan que sus defensores salgan de la mentalidad de silo que, al hacer distinciones entre los diferentes tipos de abuso\/explotaci\u00f3n, impide la resoluci\u00f3n conjunta de la <strong>causa com\u00fan<\/strong> de todo abuso y explotaci\u00f3n: <strong>el silencio<\/strong> del superviviente y de la comunidad en general.<\/p>\n<p>Los depredadores abusan sexualmente, dan palizas, violan, prostituyen y trafican en esos espacios de silencio. <strong>Los que han sufrido cualquier tipo de abuso o explotaci\u00f3n tienen muchas m\u00e1s posibilidades de sufrir otros,<\/strong> dado que los depredadores identifican esa debilidad y contin\u00faan sus canalladas impunemente.<\/p>\n<p>SOS [Arenas de Silencio, por sus siglas en ingl\u00e9s] est\u00e1 dise\u00f1ada para luchar tanto contra el silencio basado en el miedo y la humillaci\u00f3n como contra el silencio mis\u00f3gino y patriarcal de nuestra civilizaci\u00f3n que les rechaza y castiga. Arenas de Silencio muestra el proceso de renunciar al silencio y ofrece a los supervivientes un posible futuro m\u00e1s positivo que les ayude a pedir ayuda a sus familiares, la comunidad y grupos de apoyo.<\/p>\n<p>El \u00e9xito de SOS a la hora de incitar a romper el silencio es crucial para todo tipo de persona o grupo en contra del abuso y la explotaci\u00f3n humana. Despu\u00e9s de todo, ser\u00edan incapaces de cumplir su mandato si los supervivientes no se autoidentificaran como tales. SOS es la herramienta que necesitan para llegar a las personas que defienden.<\/p>\n<p>&nbsp;[\/vc_column_text][\/vc_column][vc_column width=\u00bb1\/2&#8243;][vc_single_image image=\u00bb30618&#8243; img_size=\u00bbfull\u00bb css=\u00bb.vc_custom_1510780625027{padding-top: 40px !important;}\u00bb][\/vc_column][\/vc_row][\/vc_section]<\/p>\n<\/div>","protected":false},"excerpt":{"rendered":"<p>[vc_section full_width=\u00bbstretch_row\u00bb el_id=\u00bbhero\u00bb css=\u00bb.vc_custom_1505306067353{background-image: url(https:\/\/www.sandsofsilence.org\/wp-content\/uploads\/2017\/08\/hero-bg.jpg?id=29219) !important;background-position: center !important;background-repeat: no-repeat !important;background-size: cover !important;}\u00bb][vc_row][vc_column][vc_column_text] ARENAS DE SILENCIO: Olas de Valor El documental Arenas de Silencio te inspira a romper el silencio sobre la violencia sexual. [\/vc_column_text][\/vc_column][\/vc_row][\/vc_section][vc_section][vc_row el_class=\u00bbcenter\u00bb][vc_column][vc_column_text] \u201cLas v\u00edctimas de violencia dom\u00e9stica, acoso sexual, guerra y conflictos o discriminaci\u00f3n social son presa f\u00e1cil de los traficantes porque [&hellip;]<\/p>\n","protected":false},"author":3,"featured_media":0,"parent":29491,"menu_order":0,"comment_status":"closed","ping_status":"closed","template":"","meta":{"footnotes":""},"class_list":["post-31200","page","type-page","status-publish","hentry"],"yoast_head":"<!-- This site is optimized with the Yoast SEO plugin v25.7 - https:\/\/yoast.com\/wordpress\/plugins\/seo\/ -->\n<title>Arenas de Silencio: Olas de Valor_Chelo Alvarez-Stehle-Sobre la pel\u00edcula<\/title>\n<meta name=\"description\" content=\"La pel\u00edcula documental Arenas de Silencio denuncia tanto el miedo y el silencio basado en la verg\u00fcenza de las supervivientes como el silencio cultural que minimiza y castiga a las supervivientes.\" \/>\n<meta name=\"robots\" content=\"index, follow, max-snippet:-1, max-image-preview:large, max-video-preview:-1\" \/>\n<link rel=\"canonical\" href=\"https:\/\/www.sandsofsilence.org\/sands-of-silence-the-film\/about-the-film\/\" \/>\n<meta property=\"og:locale\" content=\"es_ES\" \/>\n<meta property=\"og:type\" content=\"article\" \/>\n<meta property=\"og:title\" content=\"Arenas de Silencio: Olas de Valor_Chelo Alvarez-Stehle-Sobre la pel\u00edcula\" \/>\n<meta property=\"og:description\" content=\"La pel\u00edcula documental Arenas de Silencio denuncia tanto el miedo y el silencio basado en la verg\u00fcenza de las supervivientes como el silencio cultural que minimiza y castiga a las supervivientes.\" \/>\n<meta property=\"og:url\" content=\"https:\/\/www.sandsofsilence.org\/sands-of-silence-the-film\/about-the-film\/\" \/>\n<meta property=\"og:site_name\" content=\"Sands of Silence\" \/>\n<meta property=\"article:publisher\" content=\"https:\/\/www.facebook.com\/sandsofsilence\/\" \/>\n<meta property=\"article:modified_time\" content=\"2017-12-23T20:29:49+00:00\" \/>\n<meta property=\"og:image\" content=\"https:\/\/www.sandsofsilence.org\/wp-content\/uploads\/2015\/10\/14618534797511.jpg\" \/>\n<meta name=\"twitter:card\" content=\"summary_large_image\" \/>\n<meta name=\"twitter:site\" content=\"@sandsofsilence\" \/>\n<meta name=\"twitter:label1\" content=\"Tiempo de lectura\" \/>\n\t<meta name=\"twitter:data1\" content=\"3 minutos\" \/>\n<script type=\"application\/ld+json\" class=\"yoast-schema-graph\">{\"@context\":\"https:\/\/schema.org\",\"@graph\":[{\"@type\":\"WebPage\",\"@id\":\"https:\/\/www.sandsofsilence.org\/sands-of-silence-the-film\/about-the-film\/\",\"url\":\"https:\/\/www.sandsofsilence.org\/sands-of-silence-the-film\/about-the-film\/\",\"name\":\"Arenas de Silencio: Olas de Valor_Chelo Alvarez-Stehle-Sobre la pel\u00edcula\",\"isPartOf\":{\"@id\":\"https:\/\/www.sandsofsilence.org\/#website\"},\"primaryImageOfPage\":{\"@id\":\"https:\/\/www.sandsofsilence.org\/sands-of-silence-the-film\/about-the-film\/#primaryimage\"},\"image\":{\"@id\":\"https:\/\/www.sandsofsilence.org\/sands-of-silence-the-film\/about-the-film\/#primaryimage\"},\"thumbnailUrl\":\"https:\/\/www.sandsofsilence.org\/wp-content\/uploads\/2015\/10\/14618534797511.jpg\",\"datePublished\":\"2017-12-20T18:32:55+00:00\",\"dateModified\":\"2017-12-23T20:29:49+00:00\",\"description\":\"La pel\u00edcula documental Arenas de Silencio denuncia tanto el miedo y el silencio basado en la verg\u00fcenza de las supervivientes como el silencio cultural que minimiza y castiga a las supervivientes.\",\"breadcrumb\":{\"@id\":\"https:\/\/www.sandsofsilence.org\/sands-of-silence-the-film\/about-the-film\/#breadcrumb\"},\"inLanguage\":\"es\",\"potentialAction\":[{\"@type\":\"ReadAction\",\"target\":[\"https:\/\/www.sandsofsilence.org\/sands-of-silence-the-film\/about-the-film\/\"]}]},{\"@type\":\"ImageObject\",\"inLanguage\":\"es\",\"@id\":\"https:\/\/www.sandsofsilence.org\/sands-of-silence-the-film\/about-the-film\/#primaryimage\",\"url\":\"https:\/\/www.sandsofsilence.org\/wp-content\/uploads\/2015\/10\/14618534797511.jpg\",\"contentUrl\":\"https:\/\/www.sandsofsilence.org\/wp-content\/uploads\/2015\/10\/14618534797511.jpg\"},{\"@type\":\"BreadcrumbList\",\"@id\":\"https:\/\/www.sandsofsilence.org\/sands-of-silence-the-film\/about-the-film\/#breadcrumb\",\"itemListElement\":[{\"@type\":\"ListItem\",\"position\":1,\"name\":\"Home\",\"item\":\"https:\/\/www.sandsofsilence.org\/es\/\"},{\"@type\":\"ListItem\",\"position\":2,\"name\":\"LA PEL\u00cdCULA\",\"item\":\"https:\/\/www.sandsofsilence.org\/sands-of-silence-the-film\/\"},{\"@type\":\"ListItem\",\"position\":3,\"name\":\"Sobre la pel\u00edcula\"}]},{\"@type\":\"WebSite\",\"@id\":\"https:\/\/www.sandsofsilence.org\/#website\",\"url\":\"https:\/\/www.sandsofsilence.org\/\",\"name\":\"Sands of Silence\",\"description\":\"SANDS OF SILENCE: Waves of Courage | This film inspires you to speak out about sexual violence\",\"publisher\":{\"@id\":\"https:\/\/www.sandsofsilence.org\/#organization\"},\"potentialAction\":[{\"@type\":\"SearchAction\",\"target\":{\"@type\":\"EntryPoint\",\"urlTemplate\":\"https:\/\/www.sandsofsilence.org\/?s={search_term_string}\"},\"query-input\":{\"@type\":\"PropertyValueSpecification\",\"valueRequired\":true,\"valueName\":\"search_term_string\"}}],\"inLanguage\":\"es\"},{\"@type\":\"Organization\",\"@id\":\"https:\/\/www.sandsofsilence.org\/#organization\",\"name\":\"Sands of Silence\",\"url\":\"https:\/\/www.sandsofsilence.org\/\",\"logo\":{\"@type\":\"ImageObject\",\"inLanguage\":\"es\",\"@id\":\"https:\/\/www.sandsofsilence.org\/#\/schema\/logo\/image\/\",\"url\":\"https:\/\/www.sandsofsilence.org\/wp-content\/uploads\/2017\/10\/Logo.png\",\"contentUrl\":\"https:\/\/www.sandsofsilence.org\/wp-content\/uploads\/2017\/10\/Logo.png\",\"width\":194,\"height\":69,\"caption\":\"Sands of Silence\"},\"image\":{\"@id\":\"https:\/\/www.sandsofsilence.org\/#\/schema\/logo\/image\/\"},\"sameAs\":[\"https:\/\/www.facebook.com\/sandsofsilence\/\",\"https:\/\/x.com\/sandsofsilence\"]}]}<\/script>\n<!-- \/ Yoast SEO plugin. -->","yoast_head_json":{"title":"Arenas de Silencio: Olas de Valor_Chelo Alvarez-Stehle-Sobre la pel\u00edcula","description":"La pel\u00edcula documental Arenas de Silencio denuncia tanto el miedo y el silencio basado en la verg\u00fcenza de las supervivientes como el silencio cultural que minimiza y castiga a las supervivientes.","robots":{"index":"index","follow":"follow","max-snippet":"max-snippet:-1","max-image-preview":"max-image-preview:large","max-video-preview":"max-video-preview:-1"},"canonical":"https:\/\/www.sandsofsilence.org\/sands-of-silence-the-film\/about-the-film\/","og_locale":"es_ES","og_type":"article","og_title":"Arenas de Silencio: Olas de Valor_Chelo Alvarez-Stehle-Sobre la pel\u00edcula","og_description":"La pel\u00edcula documental Arenas de Silencio denuncia tanto el miedo y el silencio basado en la verg\u00fcenza de las supervivientes como el silencio cultural que minimiza y castiga a las supervivientes.","og_url":"https:\/\/www.sandsofsilence.org\/sands-of-silence-the-film\/about-the-film\/","og_site_name":"Sands of Silence","article_publisher":"https:\/\/www.facebook.com\/sandsofsilence\/","article_modified_time":"2017-12-23T20:29:49+00:00","og_image":[{"url":"https:\/\/www.sandsofsilence.org\/wp-content\/uploads\/2015\/10\/14618534797511.jpg","type":"","width":"","height":""}],"twitter_card":"summary_large_image","twitter_site":"@sandsofsilence","twitter_misc":{"Tiempo de lectura":"3 minutos"},"schema":{"@context":"https:\/\/schema.org","@graph":[{"@type":"WebPage","@id":"https:\/\/www.sandsofsilence.org\/sands-of-silence-the-film\/about-the-film\/","url":"https:\/\/www.sandsofsilence.org\/sands-of-silence-the-film\/about-the-film\/","name":"Arenas de Silencio: Olas de Valor_Chelo Alvarez-Stehle-Sobre la pel\u00edcula","isPartOf":{"@id":"https:\/\/www.sandsofsilence.org\/#website"},"primaryImageOfPage":{"@id":"https:\/\/www.sandsofsilence.org\/sands-of-silence-the-film\/about-the-film\/#primaryimage"},"image":{"@id":"https:\/\/www.sandsofsilence.org\/sands-of-silence-the-film\/about-the-film\/#primaryimage"},"thumbnailUrl":"https:\/\/www.sandsofsilence.org\/wp-content\/uploads\/2015\/10\/14618534797511.jpg","datePublished":"2017-12-20T18:32:55+00:00","dateModified":"2017-12-23T20:29:49+00:00","description":"La pel\u00edcula documental Arenas de Silencio denuncia tanto el miedo y el silencio basado en la verg\u00fcenza de las supervivientes como el silencio cultural que minimiza y castiga a las supervivientes.","breadcrumb":{"@id":"https:\/\/www.sandsofsilence.org\/sands-of-silence-the-film\/about-the-film\/#breadcrumb"},"inLanguage":"es","potentialAction":[{"@type":"ReadAction","target":["https:\/\/www.sandsofsilence.org\/sands-of-silence-the-film\/about-the-film\/"]}]},{"@type":"ImageObject","inLanguage":"es","@id":"https:\/\/www.sandsofsilence.org\/sands-of-silence-the-film\/about-the-film\/#primaryimage","url":"https:\/\/www.sandsofsilence.org\/wp-content\/uploads\/2015\/10\/14618534797511.jpg","contentUrl":"https:\/\/www.sandsofsilence.org\/wp-content\/uploads\/2015\/10\/14618534797511.jpg"},{"@type":"BreadcrumbList","@id":"https:\/\/www.sandsofsilence.org\/sands-of-silence-the-film\/about-the-film\/#breadcrumb","itemListElement":[{"@type":"ListItem","position":1,"name":"Home","item":"https:\/\/www.sandsofsilence.org\/es\/"},{"@type":"ListItem","position":2,"name":"LA PEL\u00cdCULA","item":"https:\/\/www.sandsofsilence.org\/sands-of-silence-the-film\/"},{"@type":"ListItem","position":3,"name":"Sobre la pel\u00edcula"}]},{"@type":"WebSite","@id":"https:\/\/www.sandsofsilence.org\/#website","url":"https:\/\/www.sandsofsilence.org\/","name":"Sands of Silence","description":"SANDS OF SILENCE: Waves of Courage | This film inspires you to speak out about sexual violence","publisher":{"@id":"https:\/\/www.sandsofsilence.org\/#organization"},"potentialAction":[{"@type":"SearchAction","target":{"@type":"EntryPoint","urlTemplate":"https:\/\/www.sandsofsilence.org\/?s={search_term_string}"},"query-input":{"@type":"PropertyValueSpecification","valueRequired":true,"valueName":"search_term_string"}}],"inLanguage":"es"},{"@type":"Organization","@id":"https:\/\/www.sandsofsilence.org\/#organization","name":"Sands of Silence","url":"https:\/\/www.sandsofsilence.org\/","logo":{"@type":"ImageObject","inLanguage":"es","@id":"https:\/\/www.sandsofsilence.org\/#\/schema\/logo\/image\/","url":"https:\/\/www.sandsofsilence.org\/wp-content\/uploads\/2017\/10\/Logo.png","contentUrl":"https:\/\/www.sandsofsilence.org\/wp-content\/uploads\/2017\/10\/Logo.png","width":194,"height":69,"caption":"Sands of Silence"},"image":{"@id":"https:\/\/www.sandsofsilence.org\/#\/schema\/logo\/image\/"},"sameAs":["https:\/\/www.facebook.com\/sandsofsilence\/","https:\/\/x.com\/sandsofsilence"]}]}},"_links":{"self":[{"href":"https:\/\/www.sandsofsilence.org\/es\/wp-json\/wp\/v2\/pages\/31200","targetHints":{"allow":["GET"]}}],"collection":[{"href":"https:\/\/www.sandsofsilence.org\/es\/wp-json\/wp\/v2\/pages"}],"about":[{"href":"https:\/\/www.sandsofsilence.org\/es\/wp-json\/wp\/v2\/types\/page"}],"author":[{"embeddable":true,"href":"https:\/\/www.sandsofsilence.org\/es\/wp-json\/wp\/v2\/users\/3"}],"replies":[{"embeddable":true,"href":"https:\/\/www.sandsofsilence.org\/es\/wp-json\/wp\/v2\/comments?post=31200"}],"version-history":[{"count":5,"href":"https:\/\/www.sandsofsilence.org\/es\/wp-json\/wp\/v2\/pages\/31200\/revisions"}],"predecessor-version":[{"id":31351,"href":"https:\/\/www.sandsofsilence.org\/es\/wp-json\/wp\/v2\/pages\/31200\/revisions\/31351"}],"up":[{"embeddable":true,"href":"https:\/\/www.sandsofsilence.org\/es\/wp-json\/wp\/v2\/pages\/29491"}],"wp:attachment":[{"href":"https:\/\/www.sandsofsilence.org\/es\/wp-json\/wp\/v2\/media?parent=31200"}],"curies":[{"name":"wp","href":"https:\/\/api.w.org\/{rel}","templated":true}]}}