{"id":30190,"date":"2016-01-27T23:46:52","date_gmt":"2016-01-27T23:46:52","guid":{"rendered":"https:\/\/www.sandsofsilence.org\/contact\/"},"modified":"2021-02-01T15:40:19","modified_gmt":"2021-02-01T15:40:19","slug":"contacto","status":"publish","type":"page","link":"https:\/\/www.sandsofsilence.org\/es\/contacto\/","title":{"rendered":"CONTACTO"},"content":{"rendered":"<div class=\"wpb-content-wrapper\"><p>[vc_row css=\u00bb.vc_custom_1509356248273{margin-top: 60px !important;}\u00bb][vc_column][vc_column_text]<\/p>\n<h3 class=\"font-32 blue\">En nuestro esfuerzo por lograr un mundo sin violencia sexual ni trata, nos han invitado a presentar nuestro documental Arenas de Silencio alrededor del mundo, desde el Foro Pol\u00edtico de Alto Nivel en las Naciones Unidas en Nueva York y el Parlamento Europeo, universidades como Oxford y Yale, festivales en las Am\u00e9ricas, Europa y \u00c1frica, conferencias sobre tr\u00e1fico humano y abuso sexual y centros penitenciarios en Espa\u00f1a y los EE.UU. tanto a v\u00edctimas como a agresores de violencia de g\u00e9nero y sexual.<\/h3>\n<h3 class=\"font-32 blue\">Encantados de recibir tu solicitud o comentario.<\/h3>\n<p style=\"text-align: center;\"><strong>\u00a0El DVD est\u00e1 disponible en versi\u00f3n original en espa\u00f1ol, versi\u00f3n original en ingl\u00e9s y subtitulado en chino, franc\u00e9s, japon\u00e9s y portugu\u00e9s.<\/strong><\/p>\n<p>[\/vc_column_text][\/vc_column][\/vc_row][vc_row][vc_column width=\u00bb1\/2&#8243;][vc_column_text]\n<div class=\"wpcf7 no-js\" id=\"wpcf7-f30189-o1\" lang=\"en-US\" dir=\"ltr\" data-wpcf7-id=\"30189\">\n<div class=\"screen-reader-response\"><p role=\"status\" aria-live=\"polite\" aria-atomic=\"true\"><\/p> <ul><\/ul><\/div>\n<form action=\"\/es\/wp-json\/wp\/v2\/pages\/30190#wpcf7-f30189-o1\" method=\"post\" class=\"wpcf7-form init\" aria-label=\"Contact form\" novalidate=\"novalidate\" data-status=\"init\">\n<fieldset class=\"hidden-fields-container\"><input type=\"hidden\" name=\"_wpcf7\" value=\"30189\" \/><input type=\"hidden\" name=\"_wpcf7_version\" value=\"6.1.1\" \/><input type=\"hidden\" name=\"_wpcf7_locale\" value=\"en_US\" \/><input type=\"hidden\" name=\"_wpcf7_unit_tag\" value=\"wpcf7-f30189-o1\" \/><input type=\"hidden\" name=\"_wpcf7_container_post\" value=\"0\" \/><input type=\"hidden\" name=\"_wpcf7_posted_data_hash\" value=\"\" \/><input type=\"hidden\" name=\"_wpcf7_recaptcha_response\" value=\"\" \/>\n<\/fieldset>\n<p><label> <strong>*Seleccione<\/strong><br \/>\n<span class=\"wpcf7-form-control-wrap\" data-name=\"menu-786\"><select class=\"wpcf7-form-control wpcf7-select\" aria-invalid=\"false\" name=\"menu-786\"><option value=\"Reserva el DVD\">Reserva el DVD<\/option><option value=\"Solicita proyecci\u00f3n con la directora \/ protagonista\">Solicita proyecci\u00f3n con la directora \/ protagonista<\/option><option value=\"Solicita proyecci\u00f3n en tu comunidad\">Solicita proyecci\u00f3n en tu comunidad<\/option><option value=\"Invitaci\u00f3n a charla \/ conferencia\">Invitaci\u00f3n a charla \/ conferencia<\/option><option value=\"Invitaci\u00f3n a festivales\">Invitaci\u00f3n a festivales<\/option><option value=\"Otro\">Otro<\/option><\/select><\/span><\/label>\n<\/p>\n<p><label> <strong>Nombre<\/strong> (obligatorio)<br \/>\n<span class=\"wpcf7-form-control-wrap\" data-name=\"your-name\"><input size=\"40\" maxlength=\"400\" class=\"wpcf7-form-control wpcf7-text wpcf7-validates-as-required\" aria-required=\"true\" aria-invalid=\"false\" value=\"\" type=\"text\" name=\"your-name\" \/><\/span> <\/label>\n<\/p>\n<p><label> <strong>Correo electr\u00f3nico <\/strong>(obligatorio)<br \/>\n<span class=\"wpcf7-form-control-wrap\" data-name=\"your-email\"><input size=\"40\" maxlength=\"400\" class=\"wpcf7-form-control wpcf7-email wpcf7-validates-as-required wpcf7-text wpcf7-validates-as-email\" aria-required=\"true\" aria-invalid=\"false\" value=\"\" type=\"email\" name=\"your-email\" \/><\/span> <\/label>\n<\/p>\n<p><label> <strong>Asunto<\/strong><br \/>\n<span class=\"wpcf7-form-control-wrap\" data-name=\"your-subject\"><input size=\"40\" maxlength=\"400\" class=\"wpcf7-form-control wpcf7-text\" aria-invalid=\"false\" value=\"\" type=\"text\" name=\"your-subject\" \/><\/span> <\/label>\n<\/p>\n<p><label> <strong>Mensaje<\/strong><br \/>\n<span class=\"wpcf7-form-control-wrap\" data-name=\"your-message\"><textarea cols=\"40\" rows=\"10\" maxlength=\"2000\" class=\"wpcf7-form-control wpcf7-textarea\" aria-invalid=\"false\" name=\"your-message\"><\/textarea><\/span> <\/label><br \/>\n<span id=\"wpcf7-69e45a6dda647-wrapper\" class=\"wpcf7-form-control-wrap honeypot-445-wrap\" style=\"display:none !important; visibility:hidden !important;\"><label for=\"wpcf7-69e45a6dda647-field\" class=\"hp-message\">Please leave this field empty.<\/label><input id=\"wpcf7-69e45a6dda647-field\"  class=\"wpcf7-form-control wpcf7-text\" type=\"text\" name=\"honeypot-445\" value=\"\" size=\"40\" tabindex=\"-1\" autocomplete=\"new-password\" \/><\/span>\n<\/p>\n<p><input class=\"wpcf7-form-control wpcf7-submit has-spinner\" type=\"submit\" value=\"Enviar\" \/>\n<\/p><div class=\"wpcf7-response-output\" aria-hidden=\"true\"><\/div>\n<\/form>\n<\/div>\n[\/vc_column_text][\/vc_column][vc_column width=\u00bb1\/2&#8243; css=\u00bb.vc_custom_1509536150698{margin-top: 40px !important;}\u00bb][vc_single_image image=\u00bb30205&#8243; img_size=\u00bbfull\u00bb title=\u00bbChelo Alvarez-Stehle y Virginia Isaias hablando en la conferencia sobre tr\u00e1fico sexual \u00abOne Loaf at a Time\u00ab en Hackensack, Minnesota.\u00bb][\/vc_column][\/vc_row][vc_section][\/vc_section]<\/p>\n<\/div>","protected":false},"excerpt":{"rendered":"<p>[vc_row css=\u00bb.vc_custom_1509356248273{margin-top: 60px !important;}\u00bb][vc_column][vc_column_text] En nuestro esfuerzo por lograr un mundo sin violencia sexual ni trata, nos han invitado a presentar nuestro documental Arenas de Silencio alrededor del mundo, desde el Foro Pol\u00edtico de Alto Nivel en las Naciones Unidas en Nueva York y el Parlamento Europeo, universidades como Oxford y Yale, festivales en las [&hellip;]<\/p>\n","protected":false},"author":3,"featured_media":0,"parent":0,"menu_order":0,"comment_status":"closed","ping_status":"closed","template":"","meta":{"footnotes":""},"class_list":["post-30190","page","type-page","status-publish","hentry"],"yoast_head":"<!-- This site is optimized with the Yoast SEO plugin v25.7 - https:\/\/yoast.com\/wordpress\/plugins\/seo\/ -->\n<title>CONTACTO - Sands of Silence<\/title>\n<meta name=\"description\" content=\"Contacto nosotros, encantados de recibir tu solicitud o comentario.Nos han invitado a presentar nuestro documental Arenas de Silencio alrededor del mundo.\" \/>\n<meta name=\"robots\" content=\"index, follow, max-snippet:-1, max-image-preview:large, max-video-preview:-1\" \/>\n<link rel=\"canonical\" href=\"https:\/\/www.sandsofsilence.org\/es\/contacto\/\" \/>\n<meta property=\"og:locale\" content=\"es_ES\" \/>\n<meta property=\"og:type\" content=\"article\" \/>\n<meta property=\"og:title\" content=\"CONTACTO - Sands of Silence\" \/>\n<meta property=\"og:description\" content=\"Contacto nosotros, encantados de recibir tu solicitud o comentario.Nos han invitado a presentar nuestro documental Arenas de Silencio alrededor del mundo.\" \/>\n<meta property=\"og:url\" content=\"https:\/\/www.sandsofsilence.org\/es\/contacto\/\" \/>\n<meta property=\"og:site_name\" content=\"Sands of Silence\" \/>\n<meta property=\"article:publisher\" content=\"https:\/\/www.facebook.com\/sandsofsilence\/\" \/>\n<meta property=\"article:modified_time\" content=\"2021-02-01T15:40:19+00:00\" \/>\n<meta name=\"twitter:card\" content=\"summary_large_image\" \/>\n<meta name=\"twitter:site\" content=\"@sandsofsilence\" \/>\n<meta name=\"twitter:label1\" content=\"Tiempo de lectura\" \/>\n\t<meta name=\"twitter:data1\" content=\"1 minuto\" \/>\n<script type=\"application\/ld+json\" class=\"yoast-schema-graph\">{\"@context\":\"https:\/\/schema.org\",\"@graph\":[{\"@type\":\"WebPage\",\"@id\":\"https:\/\/www.sandsofsilence.org\/es\/contacto\/\",\"url\":\"https:\/\/www.sandsofsilence.org\/es\/contacto\/\",\"name\":\"CONTACTO - Sands of Silence\",\"isPartOf\":{\"@id\":\"https:\/\/www.sandsofsilence.org\/#website\"},\"datePublished\":\"2016-01-27T23:46:52+00:00\",\"dateModified\":\"2021-02-01T15:40:19+00:00\",\"description\":\"Contacto nosotros, encantados de recibir tu solicitud o comentario.Nos han invitado a presentar nuestro documental Arenas de Silencio alrededor del mundo.\",\"breadcrumb\":{\"@id\":\"https:\/\/www.sandsofsilence.org\/es\/contacto\/#breadcrumb\"},\"inLanguage\":\"es\",\"potentialAction\":[{\"@type\":\"ReadAction\",\"target\":[\"https:\/\/www.sandsofsilence.org\/es\/contacto\/\"]}]},{\"@type\":\"BreadcrumbList\",\"@id\":\"https:\/\/www.sandsofsilence.org\/es\/contacto\/#breadcrumb\",\"itemListElement\":[{\"@type\":\"ListItem\",\"position\":1,\"name\":\"Home\",\"item\":\"https:\/\/www.sandsofsilence.org\/es\/\"},{\"@type\":\"ListItem\",\"position\":2,\"name\":\"CONTACTO\"}]},{\"@type\":\"WebSite\",\"@id\":\"https:\/\/www.sandsofsilence.org\/#website\",\"url\":\"https:\/\/www.sandsofsilence.org\/\",\"name\":\"Sands of Silence\",\"description\":\"SANDS OF SILENCE: Waves of Courage | This film inspires you to speak out about sexual violence\",\"publisher\":{\"@id\":\"https:\/\/www.sandsofsilence.org\/#organization\"},\"potentialAction\":[{\"@type\":\"SearchAction\",\"target\":{\"@type\":\"EntryPoint\",\"urlTemplate\":\"https:\/\/www.sandsofsilence.org\/?s={search_term_string}\"},\"query-input\":{\"@type\":\"PropertyValueSpecification\",\"valueRequired\":true,\"valueName\":\"search_term_string\"}}],\"inLanguage\":\"es\"},{\"@type\":\"Organization\",\"@id\":\"https:\/\/www.sandsofsilence.org\/#organization\",\"name\":\"Sands of Silence\",\"url\":\"https:\/\/www.sandsofsilence.org\/\",\"logo\":{\"@type\":\"ImageObject\",\"inLanguage\":\"es\",\"@id\":\"https:\/\/www.sandsofsilence.org\/#\/schema\/logo\/image\/\",\"url\":\"https:\/\/www.sandsofsilence.org\/wp-content\/uploads\/2017\/10\/Logo.png\",\"contentUrl\":\"https:\/\/www.sandsofsilence.org\/wp-content\/uploads\/2017\/10\/Logo.png\",\"width\":194,\"height\":69,\"caption\":\"Sands of Silence\"},\"image\":{\"@id\":\"https:\/\/www.sandsofsilence.org\/#\/schema\/logo\/image\/\"},\"sameAs\":[\"https:\/\/www.facebook.com\/sandsofsilence\/\",\"https:\/\/x.com\/sandsofsilence\"]}]}<\/script>\n<!-- \/ Yoast SEO plugin. -->","yoast_head_json":{"title":"CONTACTO - Sands of Silence","description":"Contacto nosotros, encantados de recibir tu solicitud o comentario.Nos han invitado a presentar nuestro documental Arenas de Silencio alrededor del mundo.","robots":{"index":"index","follow":"follow","max-snippet":"max-snippet:-1","max-image-preview":"max-image-preview:large","max-video-preview":"max-video-preview:-1"},"canonical":"https:\/\/www.sandsofsilence.org\/es\/contacto\/","og_locale":"es_ES","og_type":"article","og_title":"CONTACTO - Sands of Silence","og_description":"Contacto nosotros, encantados de recibir tu solicitud o comentario.Nos han invitado a presentar nuestro documental Arenas de Silencio alrededor del mundo.","og_url":"https:\/\/www.sandsofsilence.org\/es\/contacto\/","og_site_name":"Sands of Silence","article_publisher":"https:\/\/www.facebook.com\/sandsofsilence\/","article_modified_time":"2021-02-01T15:40:19+00:00","twitter_card":"summary_large_image","twitter_site":"@sandsofsilence","twitter_misc":{"Tiempo de lectura":"1 minuto"},"schema":{"@context":"https:\/\/schema.org","@graph":[{"@type":"WebPage","@id":"https:\/\/www.sandsofsilence.org\/es\/contacto\/","url":"https:\/\/www.sandsofsilence.org\/es\/contacto\/","name":"CONTACTO - Sands of Silence","isPartOf":{"@id":"https:\/\/www.sandsofsilence.org\/#website"},"datePublished":"2016-01-27T23:46:52+00:00","dateModified":"2021-02-01T15:40:19+00:00","description":"Contacto nosotros, encantados de recibir tu solicitud o comentario.Nos han invitado a presentar nuestro documental Arenas de Silencio alrededor del mundo.","breadcrumb":{"@id":"https:\/\/www.sandsofsilence.org\/es\/contacto\/#breadcrumb"},"inLanguage":"es","potentialAction":[{"@type":"ReadAction","target":["https:\/\/www.sandsofsilence.org\/es\/contacto\/"]}]},{"@type":"BreadcrumbList","@id":"https:\/\/www.sandsofsilence.org\/es\/contacto\/#breadcrumb","itemListElement":[{"@type":"ListItem","position":1,"name":"Home","item":"https:\/\/www.sandsofsilence.org\/es\/"},{"@type":"ListItem","position":2,"name":"CONTACTO"}]},{"@type":"WebSite","@id":"https:\/\/www.sandsofsilence.org\/#website","url":"https:\/\/www.sandsofsilence.org\/","name":"Sands of Silence","description":"SANDS OF SILENCE: Waves of Courage | This film inspires you to speak out about sexual violence","publisher":{"@id":"https:\/\/www.sandsofsilence.org\/#organization"},"potentialAction":[{"@type":"SearchAction","target":{"@type":"EntryPoint","urlTemplate":"https:\/\/www.sandsofsilence.org\/?s={search_term_string}"},"query-input":{"@type":"PropertyValueSpecification","valueRequired":true,"valueName":"search_term_string"}}],"inLanguage":"es"},{"@type":"Organization","@id":"https:\/\/www.sandsofsilence.org\/#organization","name":"Sands of Silence","url":"https:\/\/www.sandsofsilence.org\/","logo":{"@type":"ImageObject","inLanguage":"es","@id":"https:\/\/www.sandsofsilence.org\/#\/schema\/logo\/image\/","url":"https:\/\/www.sandsofsilence.org\/wp-content\/uploads\/2017\/10\/Logo.png","contentUrl":"https:\/\/www.sandsofsilence.org\/wp-content\/uploads\/2017\/10\/Logo.png","width":194,"height":69,"caption":"Sands of Silence"},"image":{"@id":"https:\/\/www.sandsofsilence.org\/#\/schema\/logo\/image\/"},"sameAs":["https:\/\/www.facebook.com\/sandsofsilence\/","https:\/\/x.com\/sandsofsilence"]}]}},"_links":{"self":[{"href":"https:\/\/www.sandsofsilence.org\/es\/wp-json\/wp\/v2\/pages\/30190","targetHints":{"allow":["GET"]}}],"collection":[{"href":"https:\/\/www.sandsofsilence.org\/es\/wp-json\/wp\/v2\/pages"}],"about":[{"href":"https:\/\/www.sandsofsilence.org\/es\/wp-json\/wp\/v2\/types\/page"}],"author":[{"embeddable":true,"href":"https:\/\/www.sandsofsilence.org\/es\/wp-json\/wp\/v2\/users\/3"}],"replies":[{"embeddable":true,"href":"https:\/\/www.sandsofsilence.org\/es\/wp-json\/wp\/v2\/comments?post=30190"}],"version-history":[{"count":6,"href":"https:\/\/www.sandsofsilence.org\/es\/wp-json\/wp\/v2\/pages\/30190\/revisions"}],"predecessor-version":[{"id":33457,"href":"https:\/\/www.sandsofsilence.org\/es\/wp-json\/wp\/v2\/pages\/30190\/revisions\/33457"}],"wp:attachment":[{"href":"https:\/\/www.sandsofsilence.org\/es\/wp-json\/wp\/v2\/media?parent=30190"}],"curies":[{"name":"wp","href":"https:\/\/api.w.org\/{rel}","templated":true}]}}