{"id":29677,"date":"2017-09-22T13:13:49","date_gmt":"2017-09-22T13:13:49","guid":{"rendered":"https:\/\/www.sandsofsilence.org\/contribuye\/"},"modified":"2020-07-24T07:42:50","modified_gmt":"2020-07-24T07:42:50","slug":"contribuye","status":"publish","type":"page","link":"https:\/\/www.sandsofsilence.org\/es\/contribuye\/","title":{"rendered":"Ay\u00fadanos"},"content":{"rendered":"<div class=\"wpb-content-wrapper\"><p>[vc_section full_width=\u00bbstretch_row\u00bb el_id=\u00bbhero\u00bb css=\u00bb.vc_custom_1506074665656{background-image: url(https:\/\/www.sandsofsilence.org\/wp-content\/uploads\/2017\/08\/hero-bg.jpg?id=29219) !important;}\u00bb][vc_row][vc_column css=\u00bb.vc_custom_1506074882988{padding-bottom: 0px !important;}\u00bb][vc_column_text]<\/p>\n<h3 class=\"font-52 white\">Contribuye a nuestra campa\u00f1a de impacto<\/h3>\n<p>&nbsp;<br \/>\n[\/vc_column_text][\/vc_column][\/vc_row][\/vc_section][vc_section css=\u00bb.vc_custom_1506074590456{margin-top: -20px !important;}\u00bb][vc_row css=\u00bb.vc_custom_1506073684259{padding-bottom: 0px !important;}\u00bb][vc_column css=\u00bb.vc_custom_1506074925066{margin-bottom: -20px !important;}\u00bb][vc_column_text css=\u00bb.vc_custom_1506074688645{margin-top: -20px !important;}\u00bb]<\/p>\n<h3 class=\"font-32 blue\">Arenas de Silencio no es simplemente el documental que incita a hablar sin reservas sobre tu experiencia propia de Violencia y Tr\u00e1fico Sexual.<\/h3>\n<p>&nbsp;<\/p>\n<h3 class=\"font-32 blue\">Arenas de Silencio tambi\u00e9n\u2026<\/h3>\n<p>&nbsp;<br \/>\n[\/vc_column_text][\/vc_column][\/vc_row][\/vc_section][vc_section css=\u00bb.vc_custom_1506076924948{margin-top: -20px !important;margin-bottom: -40px !important;padding-top: 0px !important;}\u00bb][vc_row][vc_column width=\u00bb2\/3&#8243; css=\u00bb.vc_custom_1506074775474{margin-top: -30px !important;}\u00bb][vc_column_text css=\u00bb.vc_custom_1511044423363{padding-top: 0px !important;}\u00bb]<\/p>\n<h3 style=\"text-align: left;\">Anima a los supervivientes a confrontar a los perpetradores, en pos de la justicia y la recuperaci\u00f3n<\/h3>\n<p>&nbsp;<\/p>\n<h3 style=\"text-align: left;\">Capacita a los j\u00f3venes para que rompan el c\u00edrculo vicioso del silencio desde peque\u00f1os<\/h3>\n<p>&nbsp;<\/p>\n<h3 style=\"text-align: left;\">Estimula a las comunidades a luchar contra la violencia y el tr\u00e1fico sexual<\/h3>\n<p>&nbsp;<\/p>\n<h3 style=\"text-align: left;\">Incita a los perpetradores a resarcirse, curarse y rehabilitarse<\/h3>\n<p>&nbsp;<\/p>\n<p style=\"text-align: left;\"><a href=\"https:\/\/www.sandsofsilence.org\/es\/impact\/\">LEE OTROS TESTIMONIOS DE IMPACTO AQU\u00cd<\/a><\/p>\n<p>&nbsp;<\/p>\n<p style=\"text-align: left;\">All donations are tax-deductible in the U.S. through the film&#8217;s fiscal sponsor, From The Heart Productions, a 501(c)3.<\/p>\n<p>&nbsp;[\/vc_column_text][vc_btn title=\u00bbCONTRIBUYE ONLINE \u00bb style=\u00bbflat\u00bb color=\u00bbpink\u00bb align=\u00bbcenter\u00bb link=\u00bburl:https%3A%2F%2Ffundmyfilm.org%2Fdocumentary-films%2Fsands-of-silence-waves-of-courage%2F|target:%20_blank|\u00bb][vc_column_text]ENV\u00cdA UN CHEQUE POR CORREO:<br \/>\nponiendo \u201cArenas de Silencio\u201d en el memorando del cheque y<br \/>\nenv\u00edalo a:<br \/>\nSANDS OF SILENCE<br \/>\nc\/o From the Heart Productions<br \/>\n1455 Mandalay Beach Road<br \/>\nOxnard, CA 91505 93035-2845<\/p>\n<p>&nbsp;[\/vc_column_text][\/vc_column][vc_column width=\u00bb1\/3&#8243; css=\u00bb.vc_custom_1506075100304{margin-left: -20px !important;}\u00bb][vc_single_image image=\u00bb30619&#8243; img_size=\u00bbfull\u00bb css=\u00bb.vc_custom_1511043703144{padding-top: 0px !important;}\u00bb][\/vc_column][\/vc_row][\/vc_section][vc_row full_width=\u00bbstretch_row\u00bb css=\u00bb.vc_custom_1506076805548{margin-top: 20px !important;margin-bottom: 20px !important;background-color: #efefef !important;}\u00bb][vc_column width=\u00bb1\/2&#8243;][vc_column_text]<\/p>\n<h3>C\u00f3mo se utiliza tu contribuci\u00f3n:<\/h3>\n<p>[blue] Proyecciones comunitarias durante la campa\u00f1a de impacto<br \/>\n[green] Gesti\u00f3n de la campa\u00f1a y recaudaci\u00f3n de fondos<br \/>\n[yellow] Honorarios del patrocinador fiscal<\/p>\n<p><a href=\"https:\/\/www.sandsofsilence.org\/wp-content\/uploads\/2016\/01\/Untitled-1.jpg\"><img loading=\"lazy\" decoding=\"async\" class=\"alignnone size-full wp-image-29668\" src=\"https:\/\/www.sandsofsilence.org\/wp-content\/uploads\/2016\/01\/Untitled-1.jpg\" alt=\"\" width=\"487\" height=\"429\" srcset=\"https:\/\/www.sandsofsilence.org\/wp-content\/uploads\/2016\/01\/Untitled-1.jpg 487w, https:\/\/www.sandsofsilence.org\/wp-content\/uploads\/2016\/01\/Untitled-1-300x264.jpg 300w\" sizes=\"auto, (max-width: 487px) 100vw, 487px\" \/><\/a><\/p>\n<p>[\/vc_column_text][\/vc_column][vc_column width=\u00bb1\/2&#8243; css=\u00bb.vc_custom_1506077224117{margin-top: 40px !important;}\u00bb][vc_column_text css=\u00bb.vc_custom_1506077165687{margin-top: 40px !important;}\u00bb]<\/p>\n<h3>LO QUE DICEN LOS QUE CONTRIBUYEN<\/h3>\n<p>\u00abGracias por cambiarme la vida y las de tantos otros.<br \/>\nEl universo es m\u00e1s bello porque est\u00e1is vosotros aqu\u00ed.\u00bb<br \/>\n&#8211; Molly Z<\/p>\n<p>\u00abGracias por tener el valor de contar tu historia y las de otras personas.\u00bb<br \/>\n&#8211; Kathryn C<\/p>\n<p>\u00abGracias por vuestra creatividad, entusiasmo y empat\u00eda.\u00bb<br \/>\n&#8211; Ben V<\/p>\n<p>\u00abGracias por vuestra creatividad, entusiasmo y empat\u00eda.\u00bb<br \/>\n&#8211; Gracie and Marvin[\/vc_column_text][\/vc_column][\/vc_row][vc_row][vc_column][vc_column_text]<\/p>\n<h3>UNA HERRAMIENTA PARA EMPODERAR A LOS J\u00d3VENES<\/h3>\n<p>La primera vez que presentamos nuestra pel\u00edcula documental reci\u00e9n terminada a estudiantes de secundaria en Santa M\u00f3nica (California), una chica de las mayores ya hab\u00eda levantado la mano cuando empezamos la ronda de preguntas: \u201cPero c\u00f3mo pudiste perdonar?\u201d, dijo, \u201cporque a m\u00ed me resulta imposible perdonar a los que han abusado sexualmente de m\u00ed\u201d. Esa pregunta no nos la esper\u00e1bamos. Esta proyecci\u00f3n era una prueba y no ten\u00edamos ni idea de que nuestro documental llegar\u00eda tan adentro a los adolescentes. Desde entonces hemos tenido muchas oportunidades de testimoniar el impacto del filme en escuelas y universidades desde Mexicali y Tijuana, ciudades mexicanas en la frontera con EE UU, hasta las universidades de Oxford y Yale, la Universidad Complutense de Madrid, Universidad de Barcelona, Universidad Miguel Hern\u00e1ndez e institutos en Espa\u00f1a.<\/p>\n<p>Despu\u00e9s de la proyecci\u00f3n a un grupo de cien estudiantes de 14 a 18 a\u00f1os en Espa\u00f1a, varios tuvieron el valor de subir al escenario y contar sus experiencias personales de abuso, incluso mientras otros se re\u00edan de ellos.<\/p>\n<p>\u201cUn t\u00edo m\u00edo abus\u00f3 de un miembro de mi familia\u201d, declar\u00f3 una estudiante senior, \u201c\u00a1y est\u00e1 a punto de salir de la c\u00e1rcel, como el que abus\u00f3 de Lala en la pel\u00edcula! No sabemos qu\u00e9 hacer\u2026\u201d<\/p>\n<p>A pesar de que algunos compa\u00f1eros se estaban riendo de ella cuando se levant\u00f3 para hablar, una chica de 16 a\u00f1os dijo, \u201cQuiero que sep\u00e1is todos que acabo de emanciparme de mi padre, que abusaba de m\u00ed, y ahora vivo por mi cuenta\u201d.<\/p>\n<p>\u201cMi exnovio me acosa\u201d, me confes\u00f3 una quincea\u00f1era, \u201cy no s\u00e9 qu\u00e9 hacer\u201d.<\/p>\n<p>Hab\u00edamos invitado a la proyecci\u00f3n a orientadores y maestros que desconoc\u00edan por completo la situaci\u00f3n de esos alumnos y pudieron seguir de cerca y profundizar en el tema.<\/p>\n<p>En el cuestionario que los 100 estudiantes rellenaron despu\u00e9s de ver la pel\u00edcula ese d\u00eda hab\u00eda al menos 10 que admitieron haber sido v\u00edctimas de abuso. Y hab\u00eda muchos otros que conoc\u00edan muy bien a otras v\u00edctimas.<\/p>\n<p>Dos estudiantes de este centro decidieron crear un Club para luchar contra el abuso sexual.<br \/>\n[\/vc_column_text][vc_btn title=\u00bbCONTRIBUYE ONLINE \u00bb style=\u00bbflat\u00bb color=\u00bbpink\u00bb align=\u00bbleft\u00bb link=\u00bburl:https%3A%2F%2Ffundmyfilm.org%2Fdocumentary-films%2Fsands-of-silence-waves-of-courage%2F|target:%20_blank|\u00bb][\/vc_column][\/vc_row]<\/p>\n<\/div>","protected":false},"excerpt":{"rendered":"<p>[vc_section full_width=\u00bbstretch_row\u00bb el_id=\u00bbhero\u00bb css=\u00bb.vc_custom_1506074665656{background-image: url(https:\/\/www.sandsofsilence.org\/wp-content\/uploads\/2017\/08\/hero-bg.jpg?id=29219) !important;}\u00bb][vc_row][vc_column css=\u00bb.vc_custom_1506074882988{padding-bottom: 0px !important;}\u00bb][vc_column_text] Contribuye a nuestra campa\u00f1a de impacto &nbsp; [\/vc_column_text][\/vc_column][\/vc_row][\/vc_section][vc_section css=\u00bb.vc_custom_1506074590456{margin-top: -20px !important;}\u00bb][vc_row css=\u00bb.vc_custom_1506073684259{padding-bottom: 0px !important;}\u00bb][vc_column css=\u00bb.vc_custom_1506074925066{margin-bottom: -20px !important;}\u00bb][vc_column_text css=\u00bb.vc_custom_1506074688645{margin-top: -20px !important;}\u00bb] Arenas de Silencio no es simplemente el documental que incita a hablar sin reservas sobre tu experiencia propia de Violencia y Tr\u00e1fico Sexual. &nbsp; Arenas de [&hellip;]<\/p>\n","protected":false},"author":3,"featured_media":0,"parent":0,"menu_order":0,"comment_status":"closed","ping_status":"closed","template":"","meta":{"footnotes":""},"class_list":["post-29677","page","type-page","status-publish","hentry"],"yoast_head":"<!-- This site is optimized with the Yoast SEO plugin v25.7 - https:\/\/yoast.com\/wordpress\/plugins\/seo\/ -->\n<title>Ay\u00fadanos - Sands of Silence<\/title>\n<meta name=\"description\" content=\"Donar para nuestra campa\u00f1a de impacto. Todas las donaciones son deducibles de impuestos en EEUU desde el coraz\u00f3n producciones, a 501 (c) 3.a\" \/>\n<meta name=\"robots\" content=\"index, follow, max-snippet:-1, max-image-preview:large, max-video-preview:-1\" \/>\n<link rel=\"canonical\" href=\"https:\/\/www.sandsofsilence.org\/es\/contribuye\/\" \/>\n<meta property=\"og:locale\" content=\"es_ES\" \/>\n<meta property=\"og:type\" content=\"article\" \/>\n<meta property=\"og:title\" content=\"Ay\u00fadanos - Sands of Silence\" \/>\n<meta property=\"og:description\" content=\"Donar para nuestra campa\u00f1a de impacto. Todas las donaciones son deducibles de impuestos en EEUU desde el coraz\u00f3n producciones, a 501 (c) 3.a\" \/>\n<meta property=\"og:url\" content=\"https:\/\/www.sandsofsilence.org\/es\/contribuye\/\" \/>\n<meta property=\"og:site_name\" content=\"Sands of Silence\" \/>\n<meta property=\"article:publisher\" content=\"https:\/\/www.facebook.com\/sandsofsilence\/\" \/>\n<meta property=\"article:modified_time\" content=\"2020-07-24T07:42:50+00:00\" \/>\n<meta property=\"og:image\" content=\"https:\/\/www.sandsofsilence.org\/wp-content\/uploads\/2016\/01\/Untitled-1.jpg\" \/>\n<meta name=\"twitter:card\" content=\"summary_large_image\" \/>\n<meta name=\"twitter:site\" content=\"@sandsofsilence\" \/>\n<meta name=\"twitter:label1\" content=\"Tiempo de lectura\" \/>\n\t<meta name=\"twitter:data1\" content=\"5 minutos\" \/>\n<script type=\"application\/ld+json\" class=\"yoast-schema-graph\">{\"@context\":\"https:\/\/schema.org\",\"@graph\":[{\"@type\":\"WebPage\",\"@id\":\"https:\/\/www.sandsofsilence.org\/es\/contribuye\/\",\"url\":\"https:\/\/www.sandsofsilence.org\/es\/contribuye\/\",\"name\":\"Ay\u00fadanos - Sands of Silence\",\"isPartOf\":{\"@id\":\"https:\/\/www.sandsofsilence.org\/#website\"},\"primaryImageOfPage\":{\"@id\":\"https:\/\/www.sandsofsilence.org\/es\/contribuye\/#primaryimage\"},\"image\":{\"@id\":\"https:\/\/www.sandsofsilence.org\/es\/contribuye\/#primaryimage\"},\"thumbnailUrl\":\"https:\/\/www.sandsofsilence.org\/wp-content\/uploads\/2016\/01\/Untitled-1.jpg\",\"datePublished\":\"2017-09-22T13:13:49+00:00\",\"dateModified\":\"2020-07-24T07:42:50+00:00\",\"description\":\"Donar para nuestra campa\u00f1a de impacto. Todas las donaciones son deducibles de impuestos en EEUU desde el coraz\u00f3n producciones, a 501 (c) 3.a\",\"breadcrumb\":{\"@id\":\"https:\/\/www.sandsofsilence.org\/es\/contribuye\/#breadcrumb\"},\"inLanguage\":\"es\",\"potentialAction\":[{\"@type\":\"ReadAction\",\"target\":[\"https:\/\/www.sandsofsilence.org\/es\/contribuye\/\"]}]},{\"@type\":\"ImageObject\",\"inLanguage\":\"es\",\"@id\":\"https:\/\/www.sandsofsilence.org\/es\/contribuye\/#primaryimage\",\"url\":\"https:\/\/www.sandsofsilence.org\/wp-content\/uploads\/2016\/01\/Untitled-1.jpg\",\"contentUrl\":\"https:\/\/www.sandsofsilence.org\/wp-content\/uploads\/2016\/01\/Untitled-1.jpg\"},{\"@type\":\"BreadcrumbList\",\"@id\":\"https:\/\/www.sandsofsilence.org\/es\/contribuye\/#breadcrumb\",\"itemListElement\":[{\"@type\":\"ListItem\",\"position\":1,\"name\":\"Home\",\"item\":\"https:\/\/www.sandsofsilence.org\/es\/\"},{\"@type\":\"ListItem\",\"position\":2,\"name\":\"Ay\u00fadanos\"}]},{\"@type\":\"WebSite\",\"@id\":\"https:\/\/www.sandsofsilence.org\/#website\",\"url\":\"https:\/\/www.sandsofsilence.org\/\",\"name\":\"Sands of Silence\",\"description\":\"SANDS OF SILENCE: Waves of Courage | This film inspires you to speak out about sexual violence\",\"publisher\":{\"@id\":\"https:\/\/www.sandsofsilence.org\/#organization\"},\"potentialAction\":[{\"@type\":\"SearchAction\",\"target\":{\"@type\":\"EntryPoint\",\"urlTemplate\":\"https:\/\/www.sandsofsilence.org\/?s={search_term_string}\"},\"query-input\":{\"@type\":\"PropertyValueSpecification\",\"valueRequired\":true,\"valueName\":\"search_term_string\"}}],\"inLanguage\":\"es\"},{\"@type\":\"Organization\",\"@id\":\"https:\/\/www.sandsofsilence.org\/#organization\",\"name\":\"Sands of Silence\",\"url\":\"https:\/\/www.sandsofsilence.org\/\",\"logo\":{\"@type\":\"ImageObject\",\"inLanguage\":\"es\",\"@id\":\"https:\/\/www.sandsofsilence.org\/#\/schema\/logo\/image\/\",\"url\":\"https:\/\/www.sandsofsilence.org\/wp-content\/uploads\/2017\/10\/Logo.png\",\"contentUrl\":\"https:\/\/www.sandsofsilence.org\/wp-content\/uploads\/2017\/10\/Logo.png\",\"width\":194,\"height\":69,\"caption\":\"Sands of Silence\"},\"image\":{\"@id\":\"https:\/\/www.sandsofsilence.org\/#\/schema\/logo\/image\/\"},\"sameAs\":[\"https:\/\/www.facebook.com\/sandsofsilence\/\",\"https:\/\/x.com\/sandsofsilence\"]}]}<\/script>\n<!-- \/ Yoast SEO plugin. -->","yoast_head_json":{"title":"Ay\u00fadanos - Sands of Silence","description":"Donar para nuestra campa\u00f1a de impacto. Todas las donaciones son deducibles de impuestos en EEUU desde el coraz\u00f3n producciones, a 501 (c) 3.a","robots":{"index":"index","follow":"follow","max-snippet":"max-snippet:-1","max-image-preview":"max-image-preview:large","max-video-preview":"max-video-preview:-1"},"canonical":"https:\/\/www.sandsofsilence.org\/es\/contribuye\/","og_locale":"es_ES","og_type":"article","og_title":"Ay\u00fadanos - Sands of Silence","og_description":"Donar para nuestra campa\u00f1a de impacto. Todas las donaciones son deducibles de impuestos en EEUU desde el coraz\u00f3n producciones, a 501 (c) 3.a","og_url":"https:\/\/www.sandsofsilence.org\/es\/contribuye\/","og_site_name":"Sands of Silence","article_publisher":"https:\/\/www.facebook.com\/sandsofsilence\/","article_modified_time":"2020-07-24T07:42:50+00:00","og_image":[{"url":"https:\/\/www.sandsofsilence.org\/wp-content\/uploads\/2016\/01\/Untitled-1.jpg","type":"","width":"","height":""}],"twitter_card":"summary_large_image","twitter_site":"@sandsofsilence","twitter_misc":{"Tiempo de lectura":"5 minutos"},"schema":{"@context":"https:\/\/schema.org","@graph":[{"@type":"WebPage","@id":"https:\/\/www.sandsofsilence.org\/es\/contribuye\/","url":"https:\/\/www.sandsofsilence.org\/es\/contribuye\/","name":"Ay\u00fadanos - Sands of Silence","isPartOf":{"@id":"https:\/\/www.sandsofsilence.org\/#website"},"primaryImageOfPage":{"@id":"https:\/\/www.sandsofsilence.org\/es\/contribuye\/#primaryimage"},"image":{"@id":"https:\/\/www.sandsofsilence.org\/es\/contribuye\/#primaryimage"},"thumbnailUrl":"https:\/\/www.sandsofsilence.org\/wp-content\/uploads\/2016\/01\/Untitled-1.jpg","datePublished":"2017-09-22T13:13:49+00:00","dateModified":"2020-07-24T07:42:50+00:00","description":"Donar para nuestra campa\u00f1a de impacto. Todas las donaciones son deducibles de impuestos en EEUU desde el coraz\u00f3n producciones, a 501 (c) 3.a","breadcrumb":{"@id":"https:\/\/www.sandsofsilence.org\/es\/contribuye\/#breadcrumb"},"inLanguage":"es","potentialAction":[{"@type":"ReadAction","target":["https:\/\/www.sandsofsilence.org\/es\/contribuye\/"]}]},{"@type":"ImageObject","inLanguage":"es","@id":"https:\/\/www.sandsofsilence.org\/es\/contribuye\/#primaryimage","url":"https:\/\/www.sandsofsilence.org\/wp-content\/uploads\/2016\/01\/Untitled-1.jpg","contentUrl":"https:\/\/www.sandsofsilence.org\/wp-content\/uploads\/2016\/01\/Untitled-1.jpg"},{"@type":"BreadcrumbList","@id":"https:\/\/www.sandsofsilence.org\/es\/contribuye\/#breadcrumb","itemListElement":[{"@type":"ListItem","position":1,"name":"Home","item":"https:\/\/www.sandsofsilence.org\/es\/"},{"@type":"ListItem","position":2,"name":"Ay\u00fadanos"}]},{"@type":"WebSite","@id":"https:\/\/www.sandsofsilence.org\/#website","url":"https:\/\/www.sandsofsilence.org\/","name":"Sands of Silence","description":"SANDS OF SILENCE: Waves of Courage | This film inspires you to speak out about sexual violence","publisher":{"@id":"https:\/\/www.sandsofsilence.org\/#organization"},"potentialAction":[{"@type":"SearchAction","target":{"@type":"EntryPoint","urlTemplate":"https:\/\/www.sandsofsilence.org\/?s={search_term_string}"},"query-input":{"@type":"PropertyValueSpecification","valueRequired":true,"valueName":"search_term_string"}}],"inLanguage":"es"},{"@type":"Organization","@id":"https:\/\/www.sandsofsilence.org\/#organization","name":"Sands of Silence","url":"https:\/\/www.sandsofsilence.org\/","logo":{"@type":"ImageObject","inLanguage":"es","@id":"https:\/\/www.sandsofsilence.org\/#\/schema\/logo\/image\/","url":"https:\/\/www.sandsofsilence.org\/wp-content\/uploads\/2017\/10\/Logo.png","contentUrl":"https:\/\/www.sandsofsilence.org\/wp-content\/uploads\/2017\/10\/Logo.png","width":194,"height":69,"caption":"Sands of Silence"},"image":{"@id":"https:\/\/www.sandsofsilence.org\/#\/schema\/logo\/image\/"},"sameAs":["https:\/\/www.facebook.com\/sandsofsilence\/","https:\/\/x.com\/sandsofsilence"]}]}},"_links":{"self":[{"href":"https:\/\/www.sandsofsilence.org\/es\/wp-json\/wp\/v2\/pages\/29677","targetHints":{"allow":["GET"]}}],"collection":[{"href":"https:\/\/www.sandsofsilence.org\/es\/wp-json\/wp\/v2\/pages"}],"about":[{"href":"https:\/\/www.sandsofsilence.org\/es\/wp-json\/wp\/v2\/types\/page"}],"author":[{"embeddable":true,"href":"https:\/\/www.sandsofsilence.org\/es\/wp-json\/wp\/v2\/users\/3"}],"replies":[{"embeddable":true,"href":"https:\/\/www.sandsofsilence.org\/es\/wp-json\/wp\/v2\/comments?post=29677"}],"version-history":[{"count":8,"href":"https:\/\/www.sandsofsilence.org\/es\/wp-json\/wp\/v2\/pages\/29677\/revisions"}],"predecessor-version":[{"id":33284,"href":"https:\/\/www.sandsofsilence.org\/es\/wp-json\/wp\/v2\/pages\/29677\/revisions\/33284"}],"wp:attachment":[{"href":"https:\/\/www.sandsofsilence.org\/es\/wp-json\/wp\/v2\/media?parent=29677"}],"curies":[{"name":"wp","href":"https:\/\/api.w.org\/{rel}","templated":true}]}}