{"id":29609,"date":"2016-09-14T18:31:01","date_gmt":"2016-09-14T18:31:01","guid":{"rendered":"https:\/\/www.sandsofsilence.org\/events\/"},"modified":"2017-12-23T17:40:12","modified_gmt":"2017-12-23T17:40:12","slug":"proyecciones","status":"publish","type":"page","link":"https:\/\/www.sandsofsilence.org\/es\/proyecciones\/","title":{"rendered":"Proyecciones"},"content":{"rendered":"<div class=\"wpb-content-wrapper\"><p>[vc_section full_width=\u00bbstretch_row\u00bb el_class=\u00bbhero\u00bb css=\u00bb.vc_custom_1505915986119{background-image: url(https:\/\/www.sandsofsilence.org\/wp-content\/uploads\/2017\/08\/hero-bg.jpg?id=29219) !important;}\u00bb][vc_row el_class=\u00bb \u00bb css=\u00bb.vc_custom_1512038253937{padding-bottom: 20px !important;}\u00bb][vc_column][vc_column_text]<\/p>\n<h3 class=\"font-52 white\" style=\"text-align: center;\">ARENAS DE SILENCIO<\/h3>\n<h3 class=\"font-52 white\" style=\"text-align: center;\">Proyecciones y eventos<\/h3>\n<p>[\/vc_column_text][\/vc_column][\/vc_row][\/vc_section][vc_section css=\u00bb.vc_custom_1505916125210{padding-top: 60px !important;padding-bottom: 0px !important;}\u00bb][vc_row][vc_column][vc_column_text] <!-- start Fla-shop.com HTML5 Map --> <div class='freeHtmlMapbottom htmlMapResponsive' style='max-width:1300px; width: 100%'> <div id='map-container-0' class='freeHtmlMapContainer' data-map-variable='map0'><\/div> <link href='https:\/\/www.sandsofsilence.org\/wp-content\/plugins\/html5-maps\/static\/css\/map.css' rel='stylesheet'> <style> body .fm-tooltip { color: #000000; font-size: 20px; } <\/style> <script src='\/\/cdn.html5maps.com\/3d_party\/raphael.min.js'><\/script> <script src='https:\/\/www.sandsofsilence.org\/index.php?freemap_js_data=true&map_id=1&r=16961'><\/script> <script src='\/\/cdn.html5maps.com\/libs\/locator\/2.4.0\/world\/map.js'><\/script> <script> var map0 = new FlaMap(map_cfg); map0.drawOnDomReady('map-container-0'); map0.on('click', function(ev, sid, map) { jQuery('#freeHtmlMapStateInfo0').html(''); var link = map.mapConfig.map_data[sid]['link']; if (link == '#info') { var id = map.mapConfig.map_data[sid]['id']; jQuery('#freeHtmlMapStateInfo0').html('Cargando\u2026'); jQuery.ajax({ type: 'POST', url: 'https:\/\/www.sandsofsilence.org\/index.php?freemap_get_state_info='+id+'&map_id=1', success: function(data, textStatus, jqXHR){ jQuery('#freeHtmlMapStateInfo0').html(data); }, dataType: 'text' }); } }); <\/script> <div id='freeHtmlMapStateInfo0' class='freeHtmlMapStateInfo'><\/div> <\/div> <div style='clear: both'><\/div> <!-- end HTML5 Map --> [\/vc_column_text][\/vc_column][\/vc_row][\/vc_section]<\/p>\n<\/div>","protected":false},"excerpt":{"rendered":"<p>[vc_section full_width=\u00bbstretch_row\u00bb el_class=\u00bbhero\u00bb css=\u00bb.vc_custom_1505915986119{background-image: url(https:\/\/www.sandsofsilence.org\/wp-content\/uploads\/2017\/08\/hero-bg.jpg?id=29219) !important;}\u00bb][vc_row el_class=\u00bb \u00bb css=\u00bb.vc_custom_1512038253937{padding-bottom: 20px !important;}\u00bb][vc_column][vc_column_text] ARENAS DE SILENCIO Proyecciones y eventos [\/vc_column_text][\/vc_column][\/vc_row][\/vc_section][vc_section css=\u00bb.vc_custom_1505916125210{padding-top: 60px !important;padding-bottom: 0px !important;}\u00bb][vc_row][vc_column][vc_column_text][\/vc_column_text][\/vc_column][\/vc_row][\/vc_section]<\/p>\n","protected":false},"author":3,"featured_media":33167,"parent":0,"menu_order":0,"comment_status":"closed","ping_status":"closed","template":"","meta":{"footnotes":""},"class_list":["post-29609","page","type-page","status-publish","has-post-thumbnail","hentry"],"yoast_head":"<!-- This site is optimized with the Yoast SEO plugin v25.7 - https:\/\/yoast.com\/wordpress\/plugins\/seo\/ -->\n<title>Pases y Eventos - Pel\u00edcula Arenas de Silencio sobre violencia y trata<\/title>\n<meta name=\"description\" content=\"Pases y Eventos - Pel\u00edcula Arenas de Silencio sobre violencia y trata, lista de proyecciones en el mundo, consulta esta p\u00e1gina para pr\u00f3ximas proyecciones.\" \/>\n<meta name=\"robots\" content=\"index, follow, max-snippet:-1, max-image-preview:large, max-video-preview:-1\" \/>\n<link rel=\"canonical\" href=\"https:\/\/www.sandsofsilence.org\/es\/proyecciones\/\" \/>\n<meta property=\"og:locale\" content=\"es_ES\" \/>\n<meta property=\"og:type\" content=\"article\" \/>\n<meta property=\"og:title\" content=\"Pases y Eventos - Pel\u00edcula Arenas de Silencio sobre violencia y trata\" \/>\n<meta property=\"og:description\" content=\"Pases y Eventos - Pel\u00edcula Arenas de Silencio sobre violencia y trata, lista de proyecciones en el mundo, consulta esta p\u00e1gina para pr\u00f3ximas proyecciones.\" \/>\n<meta property=\"og:url\" content=\"https:\/\/www.sandsofsilence.org\/es\/proyecciones\/\" \/>\n<meta property=\"og:site_name\" content=\"Sands of Silence\" \/>\n<meta property=\"article:publisher\" content=\"https:\/\/www.facebook.com\/sandsofsilence\/\" \/>\n<meta property=\"article:modified_time\" content=\"2017-12-23T17:40:12+00:00\" \/>\n<meta property=\"og:image\" content=\"https:\/\/www.sandsofsilence.org\/wp-content\/uploads\/2019\/11\/Screenshot-2019-11-24-13.28.24.png\" \/>\n\t<meta property=\"og:image:width\" content=\"1484\" \/>\n\t<meta property=\"og:image:height\" content=\"1362\" \/>\n\t<meta property=\"og:image:type\" content=\"image\/png\" \/>\n<meta name=\"twitter:card\" content=\"summary_large_image\" \/>\n<meta name=\"twitter:site\" content=\"@sandsofsilence\" \/>\n<script type=\"application\/ld+json\" class=\"yoast-schema-graph\">{\"@context\":\"https:\/\/schema.org\",\"@graph\":[{\"@type\":\"WebPage\",\"@id\":\"https:\/\/www.sandsofsilence.org\/es\/proyecciones\/\",\"url\":\"https:\/\/www.sandsofsilence.org\/es\/proyecciones\/\",\"name\":\"Pases y Eventos - Pel\u00edcula Arenas de Silencio sobre violencia y trata\",\"isPartOf\":{\"@id\":\"https:\/\/www.sandsofsilence.org\/#website\"},\"primaryImageOfPage\":{\"@id\":\"https:\/\/www.sandsofsilence.org\/es\/proyecciones\/#primaryimage\"},\"image\":{\"@id\":\"https:\/\/www.sandsofsilence.org\/es\/proyecciones\/#primaryimage\"},\"thumbnailUrl\":\"https:\/\/www.sandsofsilence.org\/wp-content\/uploads\/2019\/11\/Screenshot-2019-11-24-13.28.24.png\",\"datePublished\":\"2016-09-14T18:31:01+00:00\",\"dateModified\":\"2017-12-23T17:40:12+00:00\",\"description\":\"Pases y Eventos - Pel\u00edcula Arenas de Silencio sobre violencia y trata, lista de proyecciones en el mundo, consulta esta p\u00e1gina para pr\u00f3ximas proyecciones.\",\"breadcrumb\":{\"@id\":\"https:\/\/www.sandsofsilence.org\/es\/proyecciones\/#breadcrumb\"},\"inLanguage\":\"es\",\"potentialAction\":[{\"@type\":\"ReadAction\",\"target\":[\"https:\/\/www.sandsofsilence.org\/es\/proyecciones\/\"]}]},{\"@type\":\"ImageObject\",\"inLanguage\":\"es\",\"@id\":\"https:\/\/www.sandsofsilence.org\/es\/proyecciones\/#primaryimage\",\"url\":\"https:\/\/www.sandsofsilence.org\/wp-content\/uploads\/2019\/11\/Screenshot-2019-11-24-13.28.24.png\",\"contentUrl\":\"https:\/\/www.sandsofsilence.org\/wp-content\/uploads\/2019\/11\/Screenshot-2019-11-24-13.28.24.png\",\"width\":1484,\"height\":1362},{\"@type\":\"BreadcrumbList\",\"@id\":\"https:\/\/www.sandsofsilence.org\/es\/proyecciones\/#breadcrumb\",\"itemListElement\":[{\"@type\":\"ListItem\",\"position\":1,\"name\":\"Home\",\"item\":\"https:\/\/www.sandsofsilence.org\/es\/\"},{\"@type\":\"ListItem\",\"position\":2,\"name\":\"Proyecciones\"}]},{\"@type\":\"WebSite\",\"@id\":\"https:\/\/www.sandsofsilence.org\/#website\",\"url\":\"https:\/\/www.sandsofsilence.org\/\",\"name\":\"Sands of Silence\",\"description\":\"SANDS OF SILENCE: Waves of Courage | This film inspires you to speak out about sexual violence\",\"publisher\":{\"@id\":\"https:\/\/www.sandsofsilence.org\/#organization\"},\"potentialAction\":[{\"@type\":\"SearchAction\",\"target\":{\"@type\":\"EntryPoint\",\"urlTemplate\":\"https:\/\/www.sandsofsilence.org\/?s={search_term_string}\"},\"query-input\":{\"@type\":\"PropertyValueSpecification\",\"valueRequired\":true,\"valueName\":\"search_term_string\"}}],\"inLanguage\":\"es\"},{\"@type\":\"Organization\",\"@id\":\"https:\/\/www.sandsofsilence.org\/#organization\",\"name\":\"Sands of Silence\",\"url\":\"https:\/\/www.sandsofsilence.org\/\",\"logo\":{\"@type\":\"ImageObject\",\"inLanguage\":\"es\",\"@id\":\"https:\/\/www.sandsofsilence.org\/#\/schema\/logo\/image\/\",\"url\":\"https:\/\/www.sandsofsilence.org\/wp-content\/uploads\/2017\/10\/Logo.png\",\"contentUrl\":\"https:\/\/www.sandsofsilence.org\/wp-content\/uploads\/2017\/10\/Logo.png\",\"width\":194,\"height\":69,\"caption\":\"Sands of Silence\"},\"image\":{\"@id\":\"https:\/\/www.sandsofsilence.org\/#\/schema\/logo\/image\/\"},\"sameAs\":[\"https:\/\/www.facebook.com\/sandsofsilence\/\",\"https:\/\/x.com\/sandsofsilence\"]}]}<\/script>\n<!-- \/ Yoast SEO plugin. -->","yoast_head_json":{"title":"Pases y Eventos - Pel\u00edcula Arenas de Silencio sobre violencia y trata","description":"Pases y Eventos - Pel\u00edcula Arenas de Silencio sobre violencia y trata, lista de proyecciones en el mundo, consulta esta p\u00e1gina para pr\u00f3ximas proyecciones.","robots":{"index":"index","follow":"follow","max-snippet":"max-snippet:-1","max-image-preview":"max-image-preview:large","max-video-preview":"max-video-preview:-1"},"canonical":"https:\/\/www.sandsofsilence.org\/es\/proyecciones\/","og_locale":"es_ES","og_type":"article","og_title":"Pases y Eventos - Pel\u00edcula Arenas de Silencio sobre violencia y trata","og_description":"Pases y Eventos - Pel\u00edcula Arenas de Silencio sobre violencia y trata, lista de proyecciones en el mundo, consulta esta p\u00e1gina para pr\u00f3ximas proyecciones.","og_url":"https:\/\/www.sandsofsilence.org\/es\/proyecciones\/","og_site_name":"Sands of Silence","article_publisher":"https:\/\/www.facebook.com\/sandsofsilence\/","article_modified_time":"2017-12-23T17:40:12+00:00","og_image":[{"width":1484,"height":1362,"url":"https:\/\/www.sandsofsilence.org\/wp-content\/uploads\/2019\/11\/Screenshot-2019-11-24-13.28.24.png","type":"image\/png"}],"twitter_card":"summary_large_image","twitter_site":"@sandsofsilence","schema":{"@context":"https:\/\/schema.org","@graph":[{"@type":"WebPage","@id":"https:\/\/www.sandsofsilence.org\/es\/proyecciones\/","url":"https:\/\/www.sandsofsilence.org\/es\/proyecciones\/","name":"Pases y Eventos - Pel\u00edcula Arenas de Silencio sobre violencia y trata","isPartOf":{"@id":"https:\/\/www.sandsofsilence.org\/#website"},"primaryImageOfPage":{"@id":"https:\/\/www.sandsofsilence.org\/es\/proyecciones\/#primaryimage"},"image":{"@id":"https:\/\/www.sandsofsilence.org\/es\/proyecciones\/#primaryimage"},"thumbnailUrl":"https:\/\/www.sandsofsilence.org\/wp-content\/uploads\/2019\/11\/Screenshot-2019-11-24-13.28.24.png","datePublished":"2016-09-14T18:31:01+00:00","dateModified":"2017-12-23T17:40:12+00:00","description":"Pases y Eventos - Pel\u00edcula Arenas de Silencio sobre violencia y trata, lista de proyecciones en el mundo, consulta esta p\u00e1gina para pr\u00f3ximas proyecciones.","breadcrumb":{"@id":"https:\/\/www.sandsofsilence.org\/es\/proyecciones\/#breadcrumb"},"inLanguage":"es","potentialAction":[{"@type":"ReadAction","target":["https:\/\/www.sandsofsilence.org\/es\/proyecciones\/"]}]},{"@type":"ImageObject","inLanguage":"es","@id":"https:\/\/www.sandsofsilence.org\/es\/proyecciones\/#primaryimage","url":"https:\/\/www.sandsofsilence.org\/wp-content\/uploads\/2019\/11\/Screenshot-2019-11-24-13.28.24.png","contentUrl":"https:\/\/www.sandsofsilence.org\/wp-content\/uploads\/2019\/11\/Screenshot-2019-11-24-13.28.24.png","width":1484,"height":1362},{"@type":"BreadcrumbList","@id":"https:\/\/www.sandsofsilence.org\/es\/proyecciones\/#breadcrumb","itemListElement":[{"@type":"ListItem","position":1,"name":"Home","item":"https:\/\/www.sandsofsilence.org\/es\/"},{"@type":"ListItem","position":2,"name":"Proyecciones"}]},{"@type":"WebSite","@id":"https:\/\/www.sandsofsilence.org\/#website","url":"https:\/\/www.sandsofsilence.org\/","name":"Sands of Silence","description":"SANDS OF SILENCE: Waves of Courage | This film inspires you to speak out about sexual violence","publisher":{"@id":"https:\/\/www.sandsofsilence.org\/#organization"},"potentialAction":[{"@type":"SearchAction","target":{"@type":"EntryPoint","urlTemplate":"https:\/\/www.sandsofsilence.org\/?s={search_term_string}"},"query-input":{"@type":"PropertyValueSpecification","valueRequired":true,"valueName":"search_term_string"}}],"inLanguage":"es"},{"@type":"Organization","@id":"https:\/\/www.sandsofsilence.org\/#organization","name":"Sands of Silence","url":"https:\/\/www.sandsofsilence.org\/","logo":{"@type":"ImageObject","inLanguage":"es","@id":"https:\/\/www.sandsofsilence.org\/#\/schema\/logo\/image\/","url":"https:\/\/www.sandsofsilence.org\/wp-content\/uploads\/2017\/10\/Logo.png","contentUrl":"https:\/\/www.sandsofsilence.org\/wp-content\/uploads\/2017\/10\/Logo.png","width":194,"height":69,"caption":"Sands of Silence"},"image":{"@id":"https:\/\/www.sandsofsilence.org\/#\/schema\/logo\/image\/"},"sameAs":["https:\/\/www.facebook.com\/sandsofsilence\/","https:\/\/x.com\/sandsofsilence"]}]}},"_links":{"self":[{"href":"https:\/\/www.sandsofsilence.org\/es\/wp-json\/wp\/v2\/pages\/29609","targetHints":{"allow":["GET"]}}],"collection":[{"href":"https:\/\/www.sandsofsilence.org\/es\/wp-json\/wp\/v2\/pages"}],"about":[{"href":"https:\/\/www.sandsofsilence.org\/es\/wp-json\/wp\/v2\/types\/page"}],"author":[{"embeddable":true,"href":"https:\/\/www.sandsofsilence.org\/es\/wp-json\/wp\/v2\/users\/3"}],"replies":[{"embeddable":true,"href":"https:\/\/www.sandsofsilence.org\/es\/wp-json\/wp\/v2\/comments?post=29609"}],"version-history":[{"count":5,"href":"https:\/\/www.sandsofsilence.org\/es\/wp-json\/wp\/v2\/pages\/29609\/revisions"}],"predecessor-version":[{"id":31270,"href":"https:\/\/www.sandsofsilence.org\/es\/wp-json\/wp\/v2\/pages\/29609\/revisions\/31270"}],"wp:featuredmedia":[{"embeddable":true,"href":"https:\/\/www.sandsofsilence.org\/es\/wp-json\/wp\/v2\/media\/33167"}],"wp:attachment":[{"href":"https:\/\/www.sandsofsilence.org\/es\/wp-json\/wp\/v2\/media?parent=29609"}],"curies":[{"name":"wp","href":"https:\/\/api.w.org\/{rel}","templated":true}]}}