{"id":29589,"date":"2017-08-23T08:19:00","date_gmt":"2017-08-23T08:19:00","guid":{"rendered":"https:\/\/www.sandsofsilence.org\/impact\/"},"modified":"2017-11-18T21:00:08","modified_gmt":"2017-11-18T21:00:08","slug":"impacto","status":"publish","type":"page","link":"https:\/\/www.sandsofsilence.org\/es\/impacto\/","title":{"rendered":"Impacto"},"content":{"rendered":"<div class=\"wpb-content-wrapper\"><p>[vc_section full_width=\u00bbstretch_row\u00bb el_id=\u00bbhero\u00bb css=\u00bb.vc_custom_1510310242180{background-position: center !important;background-repeat: no-repeat !important;background-size: cover !important;}\u00bb el_class=\u00bbslide-banner\u00bb][vc_row][vc_column][vc_column_text]<\/p>\n<h3 class=\"font-52 white\">Impacto<\/h3>\n<p>[\/vc_column_text][\/vc_column][\/vc_row][\/vc_section][vc_row][vc_column][vc_column_text]<div class=\"vc_col-md-4 columns post-grid\"><div class=\"post-grid-image-container\"><a href=\"https:\/\/www.sandsofsilence.org\/es\/una-herramienta-para-involucrar-a-politicos-y-abogados\/\"><div class=\"post-grid-image\"><img loading=\"lazy\" decoding=\"async\" width=\"403\" height=\"220\" src=\"https:\/\/www.sandsofsilence.org\/wp-content\/uploads\/2017\/08\/SOS-@-EU-Parliament-Chelo-speaking-at-panel-with-MEP-Iratxe-MEP-Zita-Marie-Vermeien-Elles-Tournent-403x220.jpg\" class=\"attachment-post-grid-image size-post-grid-image wp-post-image\" alt=\"\" \/><\/div><\/a><\/div><div class=\"grid-post-content\"><a href=\"https:\/\/www.sandsofsilence.org\/es\/una-herramienta-para-involucrar-a-politicos-y-abogados\/\" class=\"homeposts\"><h3>UNA HERRAMIENTA PARA INVOLUCRAR A POL\u00cdTICOS Y ABOGADOS <\/h3><\/a><p>En febrero de 2017, recib\u00ed un Premio Cultural en Barcelona y, dos d\u00edas m\u00e1s tarde, organizamos una proyecci\u00f3n especial en dicha ciudad. La Ministra de...<p><a href=\"https:\/\/www.sandsofsilence.org\/es\/una-herramienta-para-involucrar-a-politicos-y-abogados\/\" class=\"moreLink\">Leer m\u00e1s...<\/a><\/p><\/div><\/div><div class=\"vc_col-md-4 columns post-grid\"><div class=\"post-grid-image-container\"><a href=\"https:\/\/www.sandsofsilence.org\/es\/una-herramienta-para-transformar-a-los-perpetradores\/\"><div class=\"post-grid-image\"><img loading=\"lazy\" decoding=\"async\" width=\"403\" height=\"220\" src=\"https:\/\/www.sandsofsilence.org\/wp-content\/uploads\/2017\/08\/prison-presentation-sands-403x220.jpg\" class=\"attachment-post-grid-image size-post-grid-image wp-post-image\" alt=\"Frente a un grupo de 25 culpables de violencia sexual en una c\u00e1rcel de Barcelona.\" \/><\/div><\/a><\/div><div class=\"grid-post-content\"><a href=\"https:\/\/www.sandsofsilence.org\/es\/una-herramienta-para-transformar-a-los-perpetradores\/\" class=\"homeposts\"><h3>UNA HERRAMIENTA PARA TRANSFORMAR A LOS PERPETRADORES <\/h3><\/a><p>UNA HERRAMIENTA PARA TRANSFORMAR A \u00a0LOS PERPETRADORES El d\u00eda despu\u00e9s de la proyecci\u00f3n con la Ministra de Sanidad, Servicios Sociales e Igualdad, hice frente a...<p><a href=\"https:\/\/www.sandsofsilence.org\/es\/una-herramienta-para-transformar-a-los-perpetradores\/\" class=\"moreLink\">Leer m\u00e1s...<\/a><\/p><\/div><\/div><div class=\"vc_col-md-4 columns post-grid\"><div class=\"post-grid-image-container\"><a href=\"https:\/\/www.sandsofsilence.org\/es\/una-herramienta-para-empoderar-a-los-jovenes\/\"><div class=\"post-grid-image\"><img loading=\"lazy\" decoding=\"async\" width=\"403\" height=\"220\" src=\"https:\/\/www.sandsofsilence.org\/wp-content\/uploads\/2017\/08\/SOS-Mexicali-Audience-Shot-web2-403x220.jpg\" class=\"attachment-post-grid-image size-post-grid-image wp-post-image\" alt=\"SOS Mexicali Audience\" \/><\/div><\/a><\/div><div class=\"grid-post-content\"><a href=\"https:\/\/www.sandsofsilence.org\/es\/una-herramienta-para-empoderar-a-los-jovenes\/\" class=\"homeposts\"><h3>UNA HERRAMIENTA PARA EMPODERAR A LOS J\u00d3VENES <\/h3><\/a><p>ESCUELAS SECUNDARIAS Y UNIVERSIDADES La primera vez que presentamos nuestra pel\u00edcula documental reci\u00e9n terminada a alumnos de secundaria en Santa M\u00f3nica (California), una chica de...<p><a href=\"https:\/\/www.sandsofsilence.org\/es\/una-herramienta-para-empoderar-a-los-jovenes\/\" class=\"moreLink\">Leer m\u00e1s...<\/a><\/p><\/div><\/div><div class=\"vc_col-md-4 columns post-grid\"><div class=\"post-grid-image-container\"><a href=\"https:\/\/www.sandsofsilence.org\/es\/una-herramienta-para-estimular-comunidades\/\"><div class=\"post-grid-image\"><img loading=\"lazy\" decoding=\"async\" width=\"403\" height=\"220\" src=\"https:\/\/www.sandsofsilence.org\/wp-content\/uploads\/2019\/01\/48-Virginia-and-Chelo-get-Standing-Ovation-Minnesota-April-2016-403x220.jpg\" class=\"attachment-post-grid-image size-post-grid-image wp-post-image\" alt=\"Virginia and Chelo get standing ovation -Minnesota Sands of Silence Screening April 2016\" \/><\/div><\/a><\/div><div class=\"grid-post-content\"><a href=\"https:\/\/www.sandsofsilence.org\/es\/una-herramienta-para-estimular-comunidades\/\" class=\"homeposts\"><h3>UNA HERRAMIENTA PARA ESTIMULAR COMUNIDADES <\/h3><\/a><p>Una abuela panadera del norte de Minnesota (EE UU) oy\u00f3 hablar de nuestra pel\u00edcula y se puso en contacto conmigo para organizar un minifestival de...<p><a href=\"https:\/\/www.sandsofsilence.org\/es\/una-herramienta-para-estimular-comunidades\/\" class=\"moreLink\">Leer m\u00e1s...<\/a><\/p><\/div><\/div><div class=\"vc_col-md-4 columns post-grid\"><div class=\"post-grid-image-container\"><a href=\"https:\/\/www.sandsofsilence.org\/es\/una-herramienta-para-romper-el-silencio\/\"><div class=\"post-grid-image\"><img loading=\"lazy\" decoding=\"async\" width=\"403\" height=\"220\" src=\"https:\/\/www.sandsofsilence.org\/wp-content\/uploads\/2017\/08\/infulencers-403x220.jpg\" class=\"attachment-post-grid-image size-post-grid-image wp-post-image\" alt=\"la Fundaci\u00f3n del Colegio de Abogados de Espa\u00f1a\" \/><\/div><\/a><\/div><div class=\"grid-post-content\"><a href=\"https:\/\/www.sandsofsilence.org\/es\/una-herramienta-para-romper-el-silencio\/\" class=\"homeposts\"><h3>UNA HERRAMIENTA PARA ROMPER EL SILENCIO <\/h3><\/a><p>Cuando el actor Robert Rusler (La La Land) present\u00f3 nuestra pel\u00edcula y la ronda de preguntas durante el Festival Internacional de Cine de Malibu (California),...<p><a href=\"https:\/\/www.sandsofsilence.org\/es\/una-herramienta-para-romper-el-silencio\/\" class=\"moreLink\">Leer m\u00e1s...<\/a><\/p><\/div><\/div><div class=\"vc_col-md-4 columns post-grid\"><div class=\"post-grid-image-container\"><a href=\"https:\/\/www.sandsofsilence.org\/es\/una-herramienta-para-impactar-desde-el-comienzo\/\"><div class=\"post-grid-image\"><img loading=\"lazy\" decoding=\"async\" width=\"400\" height=\"220\" src=\"https:\/\/www.sandsofsilence.org\/wp-content\/uploads\/2017\/08\/audience-2-400x220.jpg\" class=\"attachment-post-grid-image size-post-grid-image wp-post-image\" alt=\"UNA HERRAMIENTA PARA IMPACTAR DESDE EL COMIENZO\" \/><\/div><\/a><\/div><div class=\"grid-post-content\"><a href=\"https:\/\/www.sandsofsilence.org\/es\/una-herramienta-para-impactar-desde-el-comienzo\/\" class=\"homeposts\"><h3>UNA HERRAMIENTA PARA IMPACTAR DESDE EL COMIENZO <\/h3><\/a><p>En 2008, se puso en contacto conmigo Roc\u00edo Watson, directora de WTLC, un refugio para mujeres supervivientes de violencia dom\u00e9stica, violencia sexual y tr\u00e1fico humano...<p><a href=\"https:\/\/www.sandsofsilence.org\/es\/una-herramienta-para-impactar-desde-el-comienzo\/\" class=\"moreLink\">Leer m\u00e1s...<\/a><\/p><\/div><\/div>[\/vc_column_text][\/vc_column][\/vc_row][vc_row el_class=\u00bbcenter\u00bb css=\u00bb.vc_custom_1505747346693{padding-top: 50px !important;}\u00bb][vc_column][vc_column_text]<\/p>\n<h3 class=\"font-32 blue\">Durante las primeras proyecciones nos emocion\u00f3 ver la inspiraci\u00f3n que <em>Arenas de Silencio<\/em> supon\u00eda para que todo tipo de p\u00fablicos rompieran el silencio de su abuso o buscaran ayuda. Ahora que miles de personas en Europa y las Am\u00e9ricas lo han visto, sabemos que el documental tambi\u00e9n alienta a la gente a confrontar y denunciar a los perpetradores. Asimismo, inspira a los agresores encarcelados a reflexionar sobre sus cr\u00edmenes, asumir responsabilidad por sus acciones y esforzarse por repararlas.<\/h3>\n<p>[\/vc_column_text][vc_row_inner][vc_column_inner width=\u00bb1\/2&#8243;][\/vc_column_inner][vc_column_inner width=\u00bb1\/2&#8243;][\/vc_column_inner][\/vc_row_inner][\/vc_column][\/vc_row]<\/p>\n<\/div>","protected":false},"excerpt":{"rendered":"<p>[vc_section full_width=\u00bbstretch_row\u00bb el_id=\u00bbhero\u00bb css=\u00bb.vc_custom_1510310242180{background-position: center !important;background-repeat: no-repeat !important;background-size: cover !important;}\u00bb el_class=\u00bbslide-banner\u00bb][vc_row][vc_column][vc_column_text] Impacto [\/vc_column_text][\/vc_column][\/vc_row][\/vc_section][vc_row][vc_column][vc_column_text][\/vc_column_text][\/vc_column][\/vc_row][vc_row el_class=\u00bbcenter\u00bb css=\u00bb.vc_custom_1505747346693{padding-top: 50px !important;}\u00bb][vc_column][vc_column_text] Durante las primeras proyecciones nos emocion\u00f3 ver la inspiraci\u00f3n que Arenas de Silencio supon\u00eda para que todo tipo de p\u00fablicos rompieran el silencio de su abuso o buscaran ayuda. Ahora que miles de personas en Europa y las [&hellip;]<\/p>\n","protected":false},"author":2,"featured_media":0,"parent":0,"menu_order":0,"comment_status":"closed","ping_status":"closed","template":"","meta":{"footnotes":""},"class_list":["post-29589","page","type-page","status-publish","hentry"],"yoast_head":"<!-- This site is optimized with the Yoast SEO plugin v25.7 - https:\/\/yoast.com\/wordpress\/plugins\/seo\/ -->\n<title>Impacto - Sands of Silence<\/title>\n<meta name=\"description\" content=\"ARENAS DE SILENCIO: Olas de Valor - IMPACTO - UNA HERRAMIENTA PARA ESTIMULAR COMUNIDADES, PARA ROMPER EL SILENCIO, Y PARA IMPACTAR DESDE EL COMIENZO.\" \/>\n<meta name=\"robots\" content=\"index, follow, max-snippet:-1, max-image-preview:large, max-video-preview:-1\" \/>\n<link rel=\"canonical\" href=\"https:\/\/www.sandsofsilence.org\/es\/impacto\/\" \/>\n<meta property=\"og:locale\" content=\"es_ES\" \/>\n<meta property=\"og:type\" content=\"article\" \/>\n<meta property=\"og:title\" content=\"Impacto - Sands of Silence\" \/>\n<meta property=\"og:description\" content=\"ARENAS DE SILENCIO: Olas de Valor - IMPACTO - UNA HERRAMIENTA PARA ESTIMULAR COMUNIDADES, PARA ROMPER EL SILENCIO, Y PARA IMPACTAR DESDE EL COMIENZO.\" \/>\n<meta property=\"og:url\" content=\"https:\/\/www.sandsofsilence.org\/es\/impacto\/\" \/>\n<meta property=\"og:site_name\" content=\"Sands of Silence\" \/>\n<meta property=\"article:publisher\" content=\"https:\/\/www.facebook.com\/sandsofsilence\/\" \/>\n<meta property=\"article:modified_time\" content=\"2017-11-18T21:00:08+00:00\" \/>\n<meta name=\"twitter:card\" content=\"summary_large_image\" \/>\n<meta name=\"twitter:site\" content=\"@sandsofsilence\" \/>\n<meta name=\"twitter:label1\" content=\"Tiempo de lectura\" \/>\n\t<meta name=\"twitter:data1\" content=\"1 minuto\" \/>\n<script type=\"application\/ld+json\" class=\"yoast-schema-graph\">{\"@context\":\"https:\/\/schema.org\",\"@graph\":[{\"@type\":\"WebPage\",\"@id\":\"https:\/\/www.sandsofsilence.org\/es\/impacto\/\",\"url\":\"https:\/\/www.sandsofsilence.org\/es\/impacto\/\",\"name\":\"Impacto - Sands of Silence\",\"isPartOf\":{\"@id\":\"https:\/\/www.sandsofsilence.org\/#website\"},\"datePublished\":\"2017-08-23T08:19:00+00:00\",\"dateModified\":\"2017-11-18T21:00:08+00:00\",\"description\":\"ARENAS DE SILENCIO: Olas de Valor - IMPACTO - UNA HERRAMIENTA PARA ESTIMULAR COMUNIDADES, PARA ROMPER EL SILENCIO, Y PARA IMPACTAR DESDE EL COMIENZO.\",\"breadcrumb\":{\"@id\":\"https:\/\/www.sandsofsilence.org\/es\/impacto\/#breadcrumb\"},\"inLanguage\":\"es\",\"potentialAction\":[{\"@type\":\"ReadAction\",\"target\":[\"https:\/\/www.sandsofsilence.org\/es\/impacto\/\"]}]},{\"@type\":\"BreadcrumbList\",\"@id\":\"https:\/\/www.sandsofsilence.org\/es\/impacto\/#breadcrumb\",\"itemListElement\":[{\"@type\":\"ListItem\",\"position\":1,\"name\":\"Home\",\"item\":\"https:\/\/www.sandsofsilence.org\/es\/\"},{\"@type\":\"ListItem\",\"position\":2,\"name\":\"Impacto\"}]},{\"@type\":\"WebSite\",\"@id\":\"https:\/\/www.sandsofsilence.org\/#website\",\"url\":\"https:\/\/www.sandsofsilence.org\/\",\"name\":\"Sands of Silence\",\"description\":\"SANDS OF SILENCE: Waves of Courage | This film inspires you to speak out about sexual violence\",\"publisher\":{\"@id\":\"https:\/\/www.sandsofsilence.org\/#organization\"},\"potentialAction\":[{\"@type\":\"SearchAction\",\"target\":{\"@type\":\"EntryPoint\",\"urlTemplate\":\"https:\/\/www.sandsofsilence.org\/?s={search_term_string}\"},\"query-input\":{\"@type\":\"PropertyValueSpecification\",\"valueRequired\":true,\"valueName\":\"search_term_string\"}}],\"inLanguage\":\"es\"},{\"@type\":\"Organization\",\"@id\":\"https:\/\/www.sandsofsilence.org\/#organization\",\"name\":\"Sands of Silence\",\"url\":\"https:\/\/www.sandsofsilence.org\/\",\"logo\":{\"@type\":\"ImageObject\",\"inLanguage\":\"es\",\"@id\":\"https:\/\/www.sandsofsilence.org\/#\/schema\/logo\/image\/\",\"url\":\"https:\/\/www.sandsofsilence.org\/wp-content\/uploads\/2017\/10\/Logo.png\",\"contentUrl\":\"https:\/\/www.sandsofsilence.org\/wp-content\/uploads\/2017\/10\/Logo.png\",\"width\":194,\"height\":69,\"caption\":\"Sands of Silence\"},\"image\":{\"@id\":\"https:\/\/www.sandsofsilence.org\/#\/schema\/logo\/image\/\"},\"sameAs\":[\"https:\/\/www.facebook.com\/sandsofsilence\/\",\"https:\/\/x.com\/sandsofsilence\"]}]}<\/script>\n<!-- \/ Yoast SEO plugin. -->","yoast_head_json":{"title":"Impacto - Sands of Silence","description":"ARENAS DE SILENCIO: Olas de Valor - IMPACTO - UNA HERRAMIENTA PARA ESTIMULAR COMUNIDADES, PARA ROMPER EL SILENCIO, Y PARA IMPACTAR DESDE EL COMIENZO.","robots":{"index":"index","follow":"follow","max-snippet":"max-snippet:-1","max-image-preview":"max-image-preview:large","max-video-preview":"max-video-preview:-1"},"canonical":"https:\/\/www.sandsofsilence.org\/es\/impacto\/","og_locale":"es_ES","og_type":"article","og_title":"Impacto - Sands of Silence","og_description":"ARENAS DE SILENCIO: Olas de Valor - IMPACTO - UNA HERRAMIENTA PARA ESTIMULAR COMUNIDADES, PARA ROMPER EL SILENCIO, Y PARA IMPACTAR DESDE EL COMIENZO.","og_url":"https:\/\/www.sandsofsilence.org\/es\/impacto\/","og_site_name":"Sands of Silence","article_publisher":"https:\/\/www.facebook.com\/sandsofsilence\/","article_modified_time":"2017-11-18T21:00:08+00:00","twitter_card":"summary_large_image","twitter_site":"@sandsofsilence","twitter_misc":{"Tiempo de lectura":"1 minuto"},"schema":{"@context":"https:\/\/schema.org","@graph":[{"@type":"WebPage","@id":"https:\/\/www.sandsofsilence.org\/es\/impacto\/","url":"https:\/\/www.sandsofsilence.org\/es\/impacto\/","name":"Impacto - Sands of Silence","isPartOf":{"@id":"https:\/\/www.sandsofsilence.org\/#website"},"datePublished":"2017-08-23T08:19:00+00:00","dateModified":"2017-11-18T21:00:08+00:00","description":"ARENAS DE SILENCIO: Olas de Valor - IMPACTO - UNA HERRAMIENTA PARA ESTIMULAR COMUNIDADES, PARA ROMPER EL SILENCIO, Y PARA IMPACTAR DESDE EL COMIENZO.","breadcrumb":{"@id":"https:\/\/www.sandsofsilence.org\/es\/impacto\/#breadcrumb"},"inLanguage":"es","potentialAction":[{"@type":"ReadAction","target":["https:\/\/www.sandsofsilence.org\/es\/impacto\/"]}]},{"@type":"BreadcrumbList","@id":"https:\/\/www.sandsofsilence.org\/es\/impacto\/#breadcrumb","itemListElement":[{"@type":"ListItem","position":1,"name":"Home","item":"https:\/\/www.sandsofsilence.org\/es\/"},{"@type":"ListItem","position":2,"name":"Impacto"}]},{"@type":"WebSite","@id":"https:\/\/www.sandsofsilence.org\/#website","url":"https:\/\/www.sandsofsilence.org\/","name":"Sands of Silence","description":"SANDS OF SILENCE: Waves of Courage | This film inspires you to speak out about sexual violence","publisher":{"@id":"https:\/\/www.sandsofsilence.org\/#organization"},"potentialAction":[{"@type":"SearchAction","target":{"@type":"EntryPoint","urlTemplate":"https:\/\/www.sandsofsilence.org\/?s={search_term_string}"},"query-input":{"@type":"PropertyValueSpecification","valueRequired":true,"valueName":"search_term_string"}}],"inLanguage":"es"},{"@type":"Organization","@id":"https:\/\/www.sandsofsilence.org\/#organization","name":"Sands of Silence","url":"https:\/\/www.sandsofsilence.org\/","logo":{"@type":"ImageObject","inLanguage":"es","@id":"https:\/\/www.sandsofsilence.org\/#\/schema\/logo\/image\/","url":"https:\/\/www.sandsofsilence.org\/wp-content\/uploads\/2017\/10\/Logo.png","contentUrl":"https:\/\/www.sandsofsilence.org\/wp-content\/uploads\/2017\/10\/Logo.png","width":194,"height":69,"caption":"Sands of Silence"},"image":{"@id":"https:\/\/www.sandsofsilence.org\/#\/schema\/logo\/image\/"},"sameAs":["https:\/\/www.facebook.com\/sandsofsilence\/","https:\/\/x.com\/sandsofsilence"]}]}},"_links":{"self":[{"href":"https:\/\/www.sandsofsilence.org\/es\/wp-json\/wp\/v2\/pages\/29589","targetHints":{"allow":["GET"]}}],"collection":[{"href":"https:\/\/www.sandsofsilence.org\/es\/wp-json\/wp\/v2\/pages"}],"about":[{"href":"https:\/\/www.sandsofsilence.org\/es\/wp-json\/wp\/v2\/types\/page"}],"author":[{"embeddable":true,"href":"https:\/\/www.sandsofsilence.org\/es\/wp-json\/wp\/v2\/users\/2"}],"replies":[{"embeddable":true,"href":"https:\/\/www.sandsofsilence.org\/es\/wp-json\/wp\/v2\/comments?post=29589"}],"version-history":[{"count":5,"href":"https:\/\/www.sandsofsilence.org\/es\/wp-json\/wp\/v2\/pages\/29589\/revisions"}],"predecessor-version":[{"id":30734,"href":"https:\/\/www.sandsofsilence.org\/es\/wp-json\/wp\/v2\/pages\/29589\/revisions\/30734"}],"wp:attachment":[{"href":"https:\/\/www.sandsofsilence.org\/es\/wp-json\/wp\/v2\/media?parent=29589"}],"curies":[{"name":"wp","href":"https:\/\/api.w.org\/{rel}","templated":true}]}}